
{"id":110,"date":"2021-04-20T16:49:18","date_gmt":"2021-04-20T16:49:18","guid":{"rendered":"http:\/\/lechanvriersuisse.com\/?page_id=110"},"modified":"2021-11-10T14:48:48","modified_gmt":"2021-11-10T14:48:48","slug":"notre-histoire","status":"publish","type":"page","link":"http:\/\/lechanvriersuisse.com\/en\/notre-histoire\/","title":{"rendered":"Our Story"},"content":{"rendered":"<h1>Our Story.<\/h1>\n<p>Nos ma\u00eetres producteurs suisses ont \u00e0 coeur la culture de plantes douces, savoureuses, \u00e0 la qualit\u00e9 unique et dans le respect des normes europ\u00e9ennes.<\/p>\n<p>Le chanvrier suisse c\u2019est une soci\u00e9t\u00e9 familiale, passionn\u00e9e, qui aime travailler dans les r\u00e8gles de l\u2019art avec int\u00e9r\u00eat et ardeur, tout en suivant de pr\u00e8s les \u00e9volutions et les attentes d\u2019un march\u00e9 grandissant.<\/p>\n<p>Connu pour ses fleurs \u00e0 la senteur unique et pour ses bourgeons color\u00e9s, le chanvrier suisse d\u00e9sir offrir des saveurs sensationnelles \u00e0 chaque consommateur.<\/p>","protected":false},"excerpt":{"rendered":"<p>Notre Histoire Nos ma\u00eetres producteurs suisses ont \u00e0 coeur la culture de plantes douces, savoureuses, \u00e0 la qualit\u00e9 unique et dans le respect des normes europ\u00e9ennes. Le chanvrier suisse c\u2019est une soci\u00e9t\u00e9 familiale, passionn\u00e9e, qui aime travailler dans les r\u00e8gles de l\u2019art avec int\u00e9r\u00eat et ardeur, tout en suivant de pr\u00e8s les \u00e9volutions et les&hellip; <a class=\"more-link\" href=\"http:\/\/lechanvriersuisse.com\/en\/notre-histoire\/\">Continue reading <span class=\"screen-reader-text\">Our Story<\/span><\/a><\/p>","protected":false},"author":1,"featured_media":113,"parent":0,"menu_order":0,"comment_status":"closed","ping_status":"closed","template":"template-parts\/ourStory.php","meta":[],"yoast_head":"<!-- This site is optimized with the Yoast SEO plugin v17.5 - https:\/\/yoast.com\/wordpress\/plugins\/seo\/ -->\n<title>Our Story - Le Chanvrier Suisse<\/title>\n<meta name=\"description\" content=\"Le Chanvrier Suisse est une soci\u00e9t\u00e9 passionn\u00e9e, qui offre aux passionn\u00e9s de la vape une meilleure exp\u00e9rience selon les r\u00e8gles de l\u2019art avec int\u00e9r\u00eat et ardeur.\" \/>\n<meta name=\"robots\" content=\"index, follow, max-snippet:-1, max-image-preview:large, max-video-preview:-1\" \/>\n<link rel=\"canonical\" href=\"http:\/\/lechanvriersuisse.com\/en\/notre-histoire\/\" \/>\n<meta property=\"og:locale\" content=\"en_US\" \/>\n<meta property=\"og:type\" content=\"article\" \/>\n<meta property=\"og:title\" content=\"Our Story - Le Chanvrier Suisse\" \/>\n<meta property=\"og:description\" content=\"Le Chanvrier Suisse est une soci\u00e9t\u00e9 passionn\u00e9e, qui offre aux passionn\u00e9s de la vape une meilleure exp\u00e9rience selon les r\u00e8gles de l\u2019art avec int\u00e9r\u00eat et ardeur.\" \/>\n<meta property=\"og:url\" content=\"http:\/\/lechanvriersuisse.com\/en\/notre-histoire\/\" \/>\n<meta property=\"og:site_name\" content=\"Le Chanvrier Suisse\" \/>\n<meta property=\"article:modified_time\" content=\"2021-11-10T14:48:48+00:00\" \/>\n<meta property=\"og:image\" content=\"https:\/\/lechanvriersuisse.com\/wp-content\/uploads\/2021\/04\/our-story.jpg\" \/>\n\t<meta property=\"og:image:width\" content=\"1920\" \/>\n\t<meta property=\"og:image:height\" content=\"1064\" \/>\n<meta name=\"twitter:card\" content=\"summary_large_image\" \/>\n<script type=\"application\/ld+json\" class=\"yoast-schema-graph\">{\"@context\":\"https:\/\/schema.org\",\"@graph\":[{\"@type\":\"WebSite\",\"@id\":\"http:\/\/lechanvriersuisse.com\/en\/#website\",\"url\":\"http:\/\/lechanvriersuisse.com\/en\/\",\"name\":\"Le Chanvrier Suisse\",\"description\":\"Swiss Made CBD.\",\"potentialAction\":[{\"@type\":\"SearchAction\",\"target\":{\"@type\":\"EntryPoint\",\"urlTemplate\":\"http:\/\/lechanvriersuisse.com\/en\/?s={search_term_string}\"},\"query-input\":\"required name=search_term_string\"}],\"inLanguage\":\"en-US\"},{\"@type\":\"ImageObject\",\"@id\":\"https:\/\/lechanvriersuisse.com\/notre-histoire\/#primaryimage\",\"inLanguage\":\"en-US\",\"url\":\"http:\/\/lechanvriersuisse.com\/wp-content\/uploads\/2021\/04\/our-story.jpg\",\"contentUrl\":\"http:\/\/lechanvriersuisse.com\/wp-content\/uploads\/2021\/04\/our-story.jpg\",\"width\":1920,\"height\":1064},{\"@type\":\"WebPage\",\"@id\":\"https:\/\/lechanvriersuisse.com\/notre-histoire\/#webpage\",\"url\":\"https:\/\/lechanvriersuisse.com\/notre-histoire\/\",\"name\":\"Our Story - Le Chanvrier Suisse\",\"isPartOf\":{\"@id\":\"http:\/\/lechanvriersuisse.com\/en\/#website\"},\"primaryImageOfPage\":{\"@id\":\"https:\/\/lechanvriersuisse.com\/notre-histoire\/#primaryimage\"},\"datePublished\":\"2021-04-20T16:49:18+00:00\",\"dateModified\":\"2021-11-10T14:48:48+00:00\",\"description\":\"Le Chanvrier Suisse est une soci\\u00e9t\\u00e9 passionn\\u00e9e, qui offre aux passionn\\u00e9s de la vape une meilleure exp\\u00e9rience selon les r\\u00e8gles de l\\u2019art avec int\\u00e9r\\u00eat et ardeur.\",\"breadcrumb\":{\"@id\":\"https:\/\/lechanvriersuisse.com\/notre-histoire\/#breadcrumb\"},\"inLanguage\":\"en-US\",\"potentialAction\":[{\"@type\":\"ReadAction\",\"target\":[\"https:\/\/lechanvriersuisse.com\/notre-histoire\/\"]}]},{\"@type\":\"BreadcrumbList\",\"@id\":\"https:\/\/lechanvriersuisse.com\/notre-histoire\/#breadcrumb\",\"itemListElement\":[{\"@type\":\"ListItem\",\"position\":1,\"name\":\"Home\",\"item\":\"http:\/\/lechanvriersuisse.com\/en\/\"},{\"@type\":\"ListItem\",\"position\":2,\"name\":\"Our Story\"}]}]}<\/script>\n<!-- \/ Yoast SEO plugin. -->","yoast_head_json":{"title":"Our Story - Le Chanvrier Suisse","description":"Le Chanvrier Suisse est une soci\u00e9t\u00e9 passionn\u00e9e, qui offre aux passionn\u00e9s de la vape une meilleure exp\u00e9rience selon les r\u00e8gles de l\u2019art avec int\u00e9r\u00eat et ardeur.","robots":{"index":"index","follow":"follow","max-snippet":"max-snippet:-1","max-image-preview":"max-image-preview:large","max-video-preview":"max-video-preview:-1"},"canonical":"http:\/\/lechanvriersuisse.com\/en\/notre-histoire\/","og_locale":"en_US","og_type":"article","og_title":"Our Story - Le Chanvrier Suisse","og_description":"Le Chanvrier Suisse est une soci\u00e9t\u00e9 passionn\u00e9e, qui offre aux passionn\u00e9s de la vape une meilleure exp\u00e9rience selon les r\u00e8gles de l\u2019art avec int\u00e9r\u00eat et ardeur.","og_url":"http:\/\/lechanvriersuisse.com\/en\/notre-histoire\/","og_site_name":"Le Chanvrier Suisse","article_modified_time":"2021-11-10T14:48:48+00:00","og_image":[{"width":1920,"height":1064,"url":"https:\/\/lechanvriersuisse.com\/wp-content\/uploads\/2021\/04\/our-story.jpg","type":"image\/jpeg"}],"twitter_card":"summary_large_image","schema":{"@context":"https:\/\/schema.org","@graph":[{"@type":"WebSite","@id":"http:\/\/lechanvriersuisse.com\/en\/#website","url":"http:\/\/lechanvriersuisse.com\/en\/","name":"Le Chanvrier Suisse","description":"Swiss Made CBD.","potentialAction":[{"@type":"SearchAction","target":{"@type":"EntryPoint","urlTemplate":"http:\/\/lechanvriersuisse.com\/en\/?s={search_term_string}"},"query-input":"required name=search_term_string"}],"inLanguage":"en-US"},{"@type":"ImageObject","@id":"https:\/\/lechanvriersuisse.com\/notre-histoire\/#primaryimage","inLanguage":"en-US","url":"http:\/\/lechanvriersuisse.com\/wp-content\/uploads\/2021\/04\/our-story.jpg","contentUrl":"http:\/\/lechanvriersuisse.com\/wp-content\/uploads\/2021\/04\/our-story.jpg","width":1920,"height":1064},{"@type":"WebPage","@id":"https:\/\/lechanvriersuisse.com\/notre-histoire\/#webpage","url":"https:\/\/lechanvriersuisse.com\/notre-histoire\/","name":"Our Story - Le Chanvrier Suisse","isPartOf":{"@id":"http:\/\/lechanvriersuisse.com\/en\/#website"},"primaryImageOfPage":{"@id":"https:\/\/lechanvriersuisse.com\/notre-histoire\/#primaryimage"},"datePublished":"2021-04-20T16:49:18+00:00","dateModified":"2021-11-10T14:48:48+00:00","description":"Le Chanvrier Suisse est une soci\u00e9t\u00e9 passionn\u00e9e, qui offre aux passionn\u00e9s de la vape une meilleure exp\u00e9rience selon les r\u00e8gles de l\u2019art avec int\u00e9r\u00eat et ardeur.","breadcrumb":{"@id":"https:\/\/lechanvriersuisse.com\/notre-histoire\/#breadcrumb"},"inLanguage":"en-US","potentialAction":[{"@type":"ReadAction","target":["https:\/\/lechanvriersuisse.com\/notre-histoire\/"]}]},{"@type":"BreadcrumbList","@id":"https:\/\/lechanvriersuisse.com\/notre-histoire\/#breadcrumb","itemListElement":[{"@type":"ListItem","position":1,"name":"Home","item":"http:\/\/lechanvriersuisse.com\/en\/"},{"@type":"ListItem","position":2,"name":"Our Story"}]}]}},"_links":{"self":[{"href":"http:\/\/lechanvriersuisse.com\/en\/wp-json\/wp\/v2\/pages\/110"}],"collection":[{"href":"http:\/\/lechanvriersuisse.com\/en\/wp-json\/wp\/v2\/pages"}],"about":[{"href":"http:\/\/lechanvriersuisse.com\/en\/wp-json\/wp\/v2\/types\/page"}],"author":[{"embeddable":true,"href":"http:\/\/lechanvriersuisse.com\/en\/wp-json\/wp\/v2\/users\/1"}],"replies":[{"embeddable":true,"href":"http:\/\/lechanvriersuisse.com\/en\/wp-json\/wp\/v2\/comments?post=110"}],"version-history":[{"count":13,"href":"http:\/\/lechanvriersuisse.com\/en\/wp-json\/wp\/v2\/pages\/110\/revisions"}],"predecessor-version":[{"id":503,"href":"http:\/\/lechanvriersuisse.com\/en\/wp-json\/wp\/v2\/pages\/110\/revisions\/503"}],"wp:featuredmedia":[{"embeddable":true,"href":"http:\/\/lechanvriersuisse.com\/en\/wp-json\/wp\/v2\/media\/113"}],"wp:attachment":[{"href":"http:\/\/lechanvriersuisse.com\/en\/wp-json\/wp\/v2\/media?parent=110"}],"curies":[{"name":"wp","href":"https:\/\/api.w.org\/{rel}","templated":true}]}}