
{"id":126,"date":"2021-04-20T17:21:02","date_gmt":"2021-04-20T17:21:02","guid":{"rendered":"http:\/\/lechanvriersuisse.com\/?page_id=126"},"modified":"2021-11-10T11:08:59","modified_gmt":"2021-11-10T11:08:59","slug":"contact-us","status":"publish","type":"page","link":"http:\/\/lechanvriersuisse.com\/en\/contact-us\/","title":{"rendered":"Contact Us"},"content":{"rendered":"<p>You can use the contact form below to send us your opinions and comments and to request various information.<\/p>","protected":false},"excerpt":{"rendered":"<p>You can use the contact form below to send us your opinions and comments and to request various information.<\/p>","protected":false},"author":1,"featured_media":0,"parent":0,"menu_order":0,"comment_status":"closed","ping_status":"closed","template":"template-parts\/contact.php","meta":[],"yoast_head":"<!-- This site is optimized with the Yoast SEO plugin v17.5 - https:\/\/yoast.com\/wordpress\/plugins\/seo\/ -->\n<title>Contact Us - Le Chanvrier Suisse<\/title>\n<meta name=\"description\" content=\"Remplissez le formulaire et prenez contact avec l&#039;\u00e9quipe Le Chanvrier Suisse , par mail ou par t\u00e9l\u00e9phone de Lundi au Vendredi 9h-18h.\" \/>\n<meta name=\"robots\" content=\"index, follow, max-snippet:-1, max-image-preview:large, max-video-preview:-1\" \/>\n<link rel=\"canonical\" href=\"http:\/\/lechanvriersuisse.com\/en\/contact-us\/\" \/>\n<meta property=\"og:locale\" content=\"en_US\" \/>\n<meta property=\"og:type\" content=\"article\" \/>\n<meta property=\"og:title\" content=\"Contact Us - Le Chanvrier Suisse\" \/>\n<meta property=\"og:description\" content=\"Remplissez le formulaire et prenez contact avec l&#039;\u00e9quipe Le Chanvrier Suisse , par mail ou par t\u00e9l\u00e9phone de Lundi au Vendredi 9h-18h.\" \/>\n<meta property=\"og:url\" content=\"http:\/\/lechanvriersuisse.com\/en\/contact-us\/\" \/>\n<meta property=\"og:site_name\" content=\"Le Chanvrier Suisse\" \/>\n<meta property=\"article:modified_time\" content=\"2021-11-10T11:08:59+00:00\" \/>\n<meta name=\"twitter:card\" content=\"summary_large_image\" \/>\n<script type=\"application\/ld+json\" class=\"yoast-schema-graph\">{\"@context\":\"https:\/\/schema.org\",\"@graph\":[{\"@type\":\"WebSite\",\"@id\":\"http:\/\/lechanvriersuisse.com\/en\/#website\",\"url\":\"http:\/\/lechanvriersuisse.com\/en\/\",\"name\":\"Le Chanvrier Suisse\",\"description\":\"Swiss Made CBD.\",\"potentialAction\":[{\"@type\":\"SearchAction\",\"target\":{\"@type\":\"EntryPoint\",\"urlTemplate\":\"http:\/\/lechanvriersuisse.com\/en\/?s={search_term_string}\"},\"query-input\":\"required name=search_term_string\"}],\"inLanguage\":\"en-US\"},{\"@type\":\"WebPage\",\"@id\":\"http:\/\/lechanvriersuisse.com\/en\/contact-us\/#webpage\",\"url\":\"http:\/\/lechanvriersuisse.com\/en\/contact-us\/\",\"name\":\"Contact Us - Le Chanvrier Suisse\",\"isPartOf\":{\"@id\":\"http:\/\/lechanvriersuisse.com\/en\/#website\"},\"datePublished\":\"2021-04-20T17:21:02+00:00\",\"dateModified\":\"2021-11-10T11:08:59+00:00\",\"description\":\"Remplissez le formulaire et prenez contact avec l'\\u00e9quipe Le Chanvrier Suisse , par mail ou par t\\u00e9l\\u00e9phone de Lundi au Vendredi 9h-18h.\",\"breadcrumb\":{\"@id\":\"http:\/\/lechanvriersuisse.com\/en\/contact-us\/#breadcrumb\"},\"inLanguage\":\"en-US\",\"potentialAction\":[{\"@type\":\"ReadAction\",\"target\":[\"http:\/\/lechanvriersuisse.com\/en\/contact-us\/\"]}]},{\"@type\":\"BreadcrumbList\",\"@id\":\"http:\/\/lechanvriersuisse.com\/en\/contact-us\/#breadcrumb\",\"itemListElement\":[{\"@type\":\"ListItem\",\"position\":1,\"name\":\"Home\",\"item\":\"http:\/\/lechanvriersuisse.com\/en\/\"},{\"@type\":\"ListItem\",\"position\":2,\"name\":\"Contact Us\"}]}]}<\/script>\n<!-- \/ Yoast SEO plugin. -->","yoast_head_json":{"title":"Contact Us - Le Chanvrier Suisse","description":"Remplissez le formulaire et prenez contact avec l'\u00e9quipe Le Chanvrier Suisse , par mail ou par t\u00e9l\u00e9phone de Lundi au Vendredi 9h-18h.","robots":{"index":"index","follow":"follow","max-snippet":"max-snippet:-1","max-image-preview":"max-image-preview:large","max-video-preview":"max-video-preview:-1"},"canonical":"http:\/\/lechanvriersuisse.com\/en\/contact-us\/","og_locale":"en_US","og_type":"article","og_title":"Contact Us - Le Chanvrier Suisse","og_description":"Remplissez le formulaire et prenez contact avec l'\u00e9quipe Le Chanvrier Suisse , par mail ou par t\u00e9l\u00e9phone de Lundi au Vendredi 9h-18h.","og_url":"http:\/\/lechanvriersuisse.com\/en\/contact-us\/","og_site_name":"Le Chanvrier Suisse","article_modified_time":"2021-11-10T11:08:59+00:00","twitter_card":"summary_large_image","schema":{"@context":"https:\/\/schema.org","@graph":[{"@type":"WebSite","@id":"http:\/\/lechanvriersuisse.com\/en\/#website","url":"http:\/\/lechanvriersuisse.com\/en\/","name":"Le Chanvrier Suisse","description":"Swiss Made CBD.","potentialAction":[{"@type":"SearchAction","target":{"@type":"EntryPoint","urlTemplate":"http:\/\/lechanvriersuisse.com\/en\/?s={search_term_string}"},"query-input":"required name=search_term_string"}],"inLanguage":"en-US"},{"@type":"WebPage","@id":"http:\/\/lechanvriersuisse.com\/en\/contact-us\/#webpage","url":"http:\/\/lechanvriersuisse.com\/en\/contact-us\/","name":"Contact Us - Le Chanvrier Suisse","isPartOf":{"@id":"http:\/\/lechanvriersuisse.com\/en\/#website"},"datePublished":"2021-04-20T17:21:02+00:00","dateModified":"2021-11-10T11:08:59+00:00","description":"Remplissez le formulaire et prenez contact avec l'\u00e9quipe Le Chanvrier Suisse , par mail ou par t\u00e9l\u00e9phone de Lundi au Vendredi 9h-18h.","breadcrumb":{"@id":"http:\/\/lechanvriersuisse.com\/en\/contact-us\/#breadcrumb"},"inLanguage":"en-US","potentialAction":[{"@type":"ReadAction","target":["http:\/\/lechanvriersuisse.com\/en\/contact-us\/"]}]},{"@type":"BreadcrumbList","@id":"http:\/\/lechanvriersuisse.com\/en\/contact-us\/#breadcrumb","itemListElement":[{"@type":"ListItem","position":1,"name":"Home","item":"http:\/\/lechanvriersuisse.com\/en\/"},{"@type":"ListItem","position":2,"name":"Contact Us"}]}]}},"_links":{"self":[{"href":"http:\/\/lechanvriersuisse.com\/en\/wp-json\/wp\/v2\/pages\/126"}],"collection":[{"href":"http:\/\/lechanvriersuisse.com\/en\/wp-json\/wp\/v2\/pages"}],"about":[{"href":"http:\/\/lechanvriersuisse.com\/en\/wp-json\/wp\/v2\/types\/page"}],"author":[{"embeddable":true,"href":"http:\/\/lechanvriersuisse.com\/en\/wp-json\/wp\/v2\/users\/1"}],"replies":[{"embeddable":true,"href":"http:\/\/lechanvriersuisse.com\/en\/wp-json\/wp\/v2\/comments?post=126"}],"version-history":[{"count":4,"href":"http:\/\/lechanvriersuisse.com\/en\/wp-json\/wp\/v2\/pages\/126\/revisions"}],"predecessor-version":[{"id":497,"href":"http:\/\/lechanvriersuisse.com\/en\/wp-json\/wp\/v2\/pages\/126\/revisions\/497"}],"wp:attachment":[{"href":"http:\/\/lechanvriersuisse.com\/en\/wp-json\/wp\/v2\/media?parent=126"}],"curies":[{"name":"wp","href":"https:\/\/api.w.org\/{rel}","templated":true}]}}