
{"id":14,"date":"2021-04-19T18:48:08","date_gmt":"2021-04-19T18:48:08","guid":{"rendered":"http:\/\/lechanvriersuisse.com\/?page_id=14"},"modified":"2021-11-18T11:04:37","modified_gmt":"2021-11-18T11:04:37","slug":"home","status":"publish","type":"page","link":"http:\/\/lechanvriersuisse.com\/en\/","title":{"rendered":"Home"},"content":{"rendered":"<h2>Our Products<\/h2>\n<p>All of our CBD products are grown using natural methods and are pesticide free. Each one of them is guaranteed certified and tested in laboratory.<\/p>","protected":false},"excerpt":{"rendered":"<p>Nos Produits. Tous nos produits \u00e0 base de CBD sont issus de m\u00e9thodes de culture naturelles et ne contiennent aucun pesticide. Chacun d&rsquo;entre eux est garanti certifi\u00e9 et test\u00e9 en laboratoire.<\/p>","protected":false},"author":1,"featured_media":0,"parent":0,"menu_order":0,"comment_status":"closed","ping_status":"closed","template":"template-parts\/home.php","meta":[],"yoast_head":"<!-- This site is optimized with the Yoast SEO plugin v17.5 - https:\/\/yoast.com\/wordpress\/plugins\/seo\/ -->\n<title>Le Chanvrier Suisse - e cigarette et e liquide au CBD<\/title>\n<meta name=\"description\" content=\"Le Chanvrier Suisse . Une gamme compl\u00e8te de e cigarette et e liquide au CBD, formul\u00e9e \u00e0 base de principes actifs riches en bienfaits naturels boost\u00e9s par le CBD.\" \/>\n<meta name=\"robots\" content=\"index, follow, max-snippet:-1, max-image-preview:large, max-video-preview:-1\" \/>\n<link rel=\"canonical\" href=\"http:\/\/lechanvriersuisse.com\/en\/\" \/>\n<meta property=\"og:locale\" content=\"en_US\" \/>\n<meta property=\"og:type\" content=\"article\" \/>\n<meta property=\"og:title\" content=\"Le Chanvrier Suisse - e cigarette et e liquide au CBD\" \/>\n<meta property=\"og:description\" content=\"Le Chanvrier Suisse . Une gamme compl\u00e8te de e cigarette et e liquide au CBD, formul\u00e9e \u00e0 base de principes actifs riches en bienfaits naturels boost\u00e9s par le CBD.\" \/>\n<meta property=\"og:url\" content=\"http:\/\/lechanvriersuisse.com\/en\/\" \/>\n<meta property=\"og:site_name\" content=\"Le Chanvrier Suisse\" \/>\n<meta property=\"article:modified_time\" content=\"2021-11-18T11:04:37+00:00\" \/>\n<meta name=\"twitter:card\" content=\"summary_large_image\" \/>\n<script type=\"application\/ld+json\" class=\"yoast-schema-graph\">{\"@context\":\"https:\/\/schema.org\",\"@graph\":[{\"@type\":\"WebSite\",\"@id\":\"http:\/\/lechanvriersuisse.com\/#website\",\"url\":\"http:\/\/lechanvriersuisse.com\/\",\"name\":\"Le Chanvrier Suisse\",\"description\":\"Swiss Made CBD.\",\"potentialAction\":[{\"@type\":\"SearchAction\",\"target\":{\"@type\":\"EntryPoint\",\"urlTemplate\":\"http:\/\/lechanvriersuisse.com\/?s={search_term_string}\"},\"query-input\":\"required name=search_term_string\"}],\"inLanguage\":\"en-US\"},{\"@type\":\"WebPage\",\"@id\":\"https:\/\/lechanvriersuisse.com\/#webpage\",\"url\":\"https:\/\/lechanvriersuisse.com\/\",\"name\":\"Le Chanvrier Suisse - e cigarette et e liquide au CBD\",\"isPartOf\":{\"@id\":\"http:\/\/lechanvriersuisse.com\/#website\"},\"datePublished\":\"2021-04-19T18:48:08+00:00\",\"dateModified\":\"2021-11-18T11:04:37+00:00\",\"description\":\"Le Chanvrier Suisse . Une gamme compl\\u00e8te de e cigarette et e liquide au CBD, formul\\u00e9e \\u00e0 base de principes actifs riches en bienfaits naturels boost\\u00e9s par le CBD.\",\"breadcrumb\":{\"@id\":\"https:\/\/lechanvriersuisse.com\/#breadcrumb\"},\"inLanguage\":\"en-US\",\"potentialAction\":[{\"@type\":\"ReadAction\",\"target\":[\"https:\/\/lechanvriersuisse.com\/\"]}]},{\"@type\":\"BreadcrumbList\",\"@id\":\"https:\/\/lechanvriersuisse.com\/#breadcrumb\",\"itemListElement\":[{\"@type\":\"ListItem\",\"position\":1,\"name\":\"Home\",\"item\":\"https:\/\/lechanvriersuisse.com\/\"},{\"@type\":\"ListItem\",\"position\":2,\"name\":\"Home\"}]}]}<\/script>\n<!-- \/ Yoast SEO plugin. -->","yoast_head_json":{"title":"Le Chanvrier Suisse - e cigarette et e liquide au CBD","description":"Le Chanvrier Suisse . Une gamme compl\u00e8te de e cigarette et e liquide au CBD, formul\u00e9e \u00e0 base de principes actifs riches en bienfaits naturels boost\u00e9s par le CBD.","robots":{"index":"index","follow":"follow","max-snippet":"max-snippet:-1","max-image-preview":"max-image-preview:large","max-video-preview":"max-video-preview:-1"},"canonical":"http:\/\/lechanvriersuisse.com\/en\/","og_locale":"en_US","og_type":"article","og_title":"Le Chanvrier Suisse - e cigarette et e liquide au CBD","og_description":"Le Chanvrier Suisse . Une gamme compl\u00e8te de e cigarette et e liquide au CBD, formul\u00e9e \u00e0 base de principes actifs riches en bienfaits naturels boost\u00e9s par le CBD.","og_url":"http:\/\/lechanvriersuisse.com\/en\/","og_site_name":"Le Chanvrier Suisse","article_modified_time":"2021-11-18T11:04:37+00:00","twitter_card":"summary_large_image","schema":{"@context":"https:\/\/schema.org","@graph":[{"@type":"WebSite","@id":"http:\/\/lechanvriersuisse.com\/#website","url":"http:\/\/lechanvriersuisse.com\/","name":"Le Chanvrier Suisse","description":"Swiss Made CBD.","potentialAction":[{"@type":"SearchAction","target":{"@type":"EntryPoint","urlTemplate":"http:\/\/lechanvriersuisse.com\/?s={search_term_string}"},"query-input":"required name=search_term_string"}],"inLanguage":"en-US"},{"@type":"WebPage","@id":"https:\/\/lechanvriersuisse.com\/#webpage","url":"https:\/\/lechanvriersuisse.com\/","name":"Le Chanvrier Suisse - e cigarette et e liquide au CBD","isPartOf":{"@id":"http:\/\/lechanvriersuisse.com\/#website"},"datePublished":"2021-04-19T18:48:08+00:00","dateModified":"2021-11-18T11:04:37+00:00","description":"Le Chanvrier Suisse . Une gamme compl\u00e8te de e cigarette et e liquide au CBD, formul\u00e9e \u00e0 base de principes actifs riches en bienfaits naturels boost\u00e9s par le CBD.","breadcrumb":{"@id":"https:\/\/lechanvriersuisse.com\/#breadcrumb"},"inLanguage":"en-US","potentialAction":[{"@type":"ReadAction","target":["https:\/\/lechanvriersuisse.com\/"]}]},{"@type":"BreadcrumbList","@id":"https:\/\/lechanvriersuisse.com\/#breadcrumb","itemListElement":[{"@type":"ListItem","position":1,"name":"Home","item":"https:\/\/lechanvriersuisse.com\/"},{"@type":"ListItem","position":2,"name":"Home"}]}]}},"_links":{"self":[{"href":"http:\/\/lechanvriersuisse.com\/en\/wp-json\/wp\/v2\/pages\/14"}],"collection":[{"href":"http:\/\/lechanvriersuisse.com\/en\/wp-json\/wp\/v2\/pages"}],"about":[{"href":"http:\/\/lechanvriersuisse.com\/en\/wp-json\/wp\/v2\/types\/page"}],"author":[{"embeddable":true,"href":"http:\/\/lechanvriersuisse.com\/en\/wp-json\/wp\/v2\/users\/1"}],"replies":[{"embeddable":true,"href":"http:\/\/lechanvriersuisse.com\/en\/wp-json\/wp\/v2\/comments?post=14"}],"version-history":[{"count":22,"href":"http:\/\/lechanvriersuisse.com\/en\/wp-json\/wp\/v2\/pages\/14\/revisions"}],"predecessor-version":[{"id":227,"href":"http:\/\/lechanvriersuisse.com\/en\/wp-json\/wp\/v2\/pages\/14\/revisions\/227"}],"wp:attachment":[{"href":"http:\/\/lechanvriersuisse.com\/en\/wp-json\/wp\/v2\/media?parent=14"}],"curies":[{"name":"wp","href":"https:\/\/api.w.org\/{rel}","templated":true}]}}