
{"id":340,"date":"2021-05-04T13:55:34","date_gmt":"2021-05-04T13:55:34","guid":{"rendered":"http:\/\/lechanvriersuisse.com\/?page_id=340"},"modified":"2021-11-10T13:15:35","modified_gmt":"2021-11-10T13:15:35","slug":"politique-de-confidentialite","status":"publish","type":"page","link":"http:\/\/lechanvriersuisse.com\/en\/politique-de-confidentialite\/","title":{"rendered":"Privacy Policy"},"content":{"rendered":"<p>Le chanvrier suisse takes the protection of your personal data to heart, we implement a process of continuous improvement of its compliance with the General Data Protection Regulation (RGPD), the ePrivacy Directive, as well as the law n\u00b0 78-17 of January 6, 1978 known as \"Informatique et Libert\u00e9s\" (Data Protection Act) to ensure the best level of protection for your personal data.<\/p>\n<p>The information collected is subject to processing for the purpose of communicating commercial offers. Only our company, its subsidiaries (and their partners, if you have accepted) are recipients of the information provided. In accordance with legal obligations, we keep this information for a limited period of time, proportional to the purposes for which you have provided it.<\/p>\n<p>WHO ARE WE?<br \/>\nOur website is <a href=\"http:\/\/lechanvriersuisse.com\/en\/\">http:\/\/lechanvriersuisse.com\/ <\/a><\/p>\n<ul>\n<li>Why is my data collected?<br \/>\nCustomer relationship management, essentially requiring identification data such as your name and contact information;<\/li>\n<li>Ordering, payment and delivery of an order, requiring data such as your name, e-mail address, billing address, shipping address, telephone number, product selection or payment information;<\/li>\n<li>Improving navigation on the site, by personalizing our services and the messages you send us, allowing us to offer you products similar to those you have already purchased or consulted. This requires the collection of data on your navigation and your purchases;<\/li>\n<li>Personalization of online advertisements and communication campaigns, notably requiring the collection of navigation and purchase information on the site;<\/li>\n<li>Loyalty through our loyalty program, requiring the collection of your identification and purchase data;<\/li>\n<li>Sending commercial communications, if you choose to subscribe to the newsletter, requiring data when creating your customer account such as your email address and your cell phone;<\/li>\n<li>Response to inquiries about our products or our brand made at the following address: http:\/\/lechanvriersuisse.com\/<\/li>\n<li>Management of product reviews for which we need at least your email address;<\/li>\n<li>Customer knowledge and site performance statistics, requiring the collection of data to better understand our customers.<\/li>\n<\/ul>\n<p>Duration of data retention:<br \/>\nUsers' Personal Data are not kept beyond the period strictly necessary for the purposes pursued, in accordance with the Applicable Regulations.<\/p>\n<p>Data related to an active customer is kept :<\/p>\n<ul>\n<li>for the duration of the contractual relationship, or<\/li>\n<li>until a request for deletion is sent, or<\/li>\n<li>Up to three years after a period of inactivity.<\/li>\n<\/ul>\n<p>When you contact us to obtain information about our products or our brand, the data is kept for the time necessary to process this request<\/p>\n<p>The personal information collected for the purposes of distance selling is mandatory, as this information is essential for the processing and delivery of orders, the preparation of invoices and warranty contracts. Failure to provide this information will result in the Order not being validated.<\/p>\n<p>In accordance with the law \"Informatique et Libert\u00e9s\", the processing of personal information about customers has been declared to the Commission Nationale de l'Informatique et des Libert\u00e9s (CNIL).<\/p>\n<p>The customer has (article 34 of the law of January 6, 1978) a right of access, modification, rectification and deletion of the data concerning him\/her, which he\/she can exercise with LCS distribution. Moreover, LCS distribution undertakes not to communicate, free of charge or in exchange for payment, the details of its customers to a third party.<\/p>","protected":false},"excerpt":{"rendered":"<p>Le chanvrier suisse prend \u00e0 coeur la protection de vos donn\u00e9es personnelles, nous mettons en \u0153uvre une d\u00e9marche d&rsquo;am\u00e9lioration continue de sa conformit\u00e9 au R\u00e8glement g\u00e9n\u00e9ral de protection des donn\u00e9es (RGPD), \u00e0 la Directive ePrivacy, ainsi qu&rsquo;\u00e0 la loi n\u00b0 78-17 du 6 janvier 1978 dite Informatique et Libert\u00e9s pour assurer le meilleur niveau de&hellip; <a class=\"more-link\" href=\"http:\/\/lechanvriersuisse.com\/en\/politique-de-confidentialite\/\">Continue reading <span class=\"screen-reader-text\">Privacy Policy<\/span><\/a><\/p>","protected":false},"author":1,"featured_media":0,"parent":0,"menu_order":0,"comment_status":"closed","ping_status":"open","template":"","meta":[],"yoast_head":"<!-- This site is optimized with the Yoast SEO plugin v17.5 - https:\/\/yoast.com\/wordpress\/plugins\/seo\/ -->\n<title>Politique De Confidentialit\u00e9 - Le Chanvrier Suisse<\/title>\n<meta name=\"description\" content=\"Le Chanvrier Suisse attache une grande importance au respect de votre vie priv\u00e9e et \u00e0 la protection de vos donn\u00e9es, et \u00e0 vous fournir les meilleurs produits et services.\" \/>\n<meta name=\"robots\" content=\"index, follow, max-snippet:-1, max-image-preview:large, max-video-preview:-1\" \/>\n<link rel=\"canonical\" href=\"http:\/\/lechanvriersuisse.com\/en\/politique-de-confidentialite\/\" \/>\n<meta property=\"og:locale\" content=\"en_US\" \/>\n<meta property=\"og:type\" content=\"article\" \/>\n<meta property=\"og:title\" content=\"Politique De Confidentialit\u00e9 - Le Chanvrier Suisse\" \/>\n<meta property=\"og:description\" content=\"Le Chanvrier Suisse attache une grande importance au respect de votre vie priv\u00e9e et \u00e0 la protection de vos donn\u00e9es, et \u00e0 vous fournir les meilleurs produits et services.\" \/>\n<meta property=\"og:url\" content=\"http:\/\/lechanvriersuisse.com\/en\/politique-de-confidentialite\/\" \/>\n<meta property=\"og:site_name\" content=\"Le Chanvrier Suisse\" \/>\n<meta property=\"article:modified_time\" content=\"2021-11-10T13:15:35+00:00\" \/>\n<meta name=\"twitter:card\" content=\"summary_large_image\" \/>\n<meta name=\"twitter:label1\" content=\"Est. reading time\" \/>\n\t<meta name=\"twitter:data1\" content=\"3 minutes\" \/>\n<script type=\"application\/ld+json\" class=\"yoast-schema-graph\">{\"@context\":\"https:\/\/schema.org\",\"@graph\":[{\"@type\":\"WebSite\",\"@id\":\"https:\/\/lechanvriersuisse.com\/#website\",\"url\":\"https:\/\/lechanvriersuisse.com\/\",\"name\":\"Le Chanvrier Suisse\",\"description\":\"Swiss Made CBD.\",\"potentialAction\":[{\"@type\":\"SearchAction\",\"target\":{\"@type\":\"EntryPoint\",\"urlTemplate\":\"https:\/\/lechanvriersuisse.com\/?s={search_term_string}\"},\"query-input\":\"required name=search_term_string\"}],\"inLanguage\":\"en-US\"},{\"@type\":\"WebPage\",\"@id\":\"https:\/\/lechanvriersuisse.com\/politique-de-confidentialite\/#webpage\",\"url\":\"https:\/\/lechanvriersuisse.com\/politique-de-confidentialite\/\",\"name\":\"Politique De Confidentialit\\u00e9 - Le Chanvrier Suisse\",\"isPartOf\":{\"@id\":\"https:\/\/lechanvriersuisse.com\/#website\"},\"datePublished\":\"2021-05-04T13:55:34+00:00\",\"dateModified\":\"2021-11-10T13:15:35+00:00\",\"description\":\"Le Chanvrier Suisse attache une grande importance au respect de votre vie priv\\u00e9e et \\u00e0 la protection de vos donn\\u00e9es, et \\u00e0 vous fournir les meilleurs produits et services.\",\"breadcrumb\":{\"@id\":\"https:\/\/lechanvriersuisse.com\/politique-de-confidentialite\/#breadcrumb\"},\"inLanguage\":\"en-US\",\"potentialAction\":[{\"@type\":\"ReadAction\",\"target\":[\"https:\/\/lechanvriersuisse.com\/politique-de-confidentialite\/\"]}]},{\"@type\":\"BreadcrumbList\",\"@id\":\"https:\/\/lechanvriersuisse.com\/politique-de-confidentialite\/#breadcrumb\",\"itemListElement\":[{\"@type\":\"ListItem\",\"position\":1,\"name\":\"Home\",\"item\":\"https:\/\/lechanvriersuisse.com\/\"},{\"@type\":\"ListItem\",\"position\":2,\"name\":\"Politique De Confidentialit\\u00e9\"}]}]}<\/script>\n<!-- \/ Yoast SEO plugin. -->","yoast_head_json":{"title":"Politique De Confidentialit\u00e9 - Le Chanvrier Suisse","description":"Le Chanvrier Suisse attache une grande importance au respect de votre vie priv\u00e9e et \u00e0 la protection de vos donn\u00e9es, et \u00e0 vous fournir les meilleurs produits et services.","robots":{"index":"index","follow":"follow","max-snippet":"max-snippet:-1","max-image-preview":"max-image-preview:large","max-video-preview":"max-video-preview:-1"},"canonical":"http:\/\/lechanvriersuisse.com\/en\/politique-de-confidentialite\/","og_locale":"en_US","og_type":"article","og_title":"Politique De Confidentialit\u00e9 - Le Chanvrier Suisse","og_description":"Le Chanvrier Suisse attache une grande importance au respect de votre vie priv\u00e9e et \u00e0 la protection de vos donn\u00e9es, et \u00e0 vous fournir les meilleurs produits et services.","og_url":"http:\/\/lechanvriersuisse.com\/en\/politique-de-confidentialite\/","og_site_name":"Le Chanvrier Suisse","article_modified_time":"2021-11-10T13:15:35+00:00","twitter_card":"summary_large_image","twitter_misc":{"Est. reading time":"3 minutes"},"schema":{"@context":"https:\/\/schema.org","@graph":[{"@type":"WebSite","@id":"https:\/\/lechanvriersuisse.com\/#website","url":"https:\/\/lechanvriersuisse.com\/","name":"Le Chanvrier Suisse","description":"Swiss Made CBD.","potentialAction":[{"@type":"SearchAction","target":{"@type":"EntryPoint","urlTemplate":"https:\/\/lechanvriersuisse.com\/?s={search_term_string}"},"query-input":"required name=search_term_string"}],"inLanguage":"en-US"},{"@type":"WebPage","@id":"https:\/\/lechanvriersuisse.com\/politique-de-confidentialite\/#webpage","url":"https:\/\/lechanvriersuisse.com\/politique-de-confidentialite\/","name":"Politique De Confidentialit\u00e9 - Le Chanvrier Suisse","isPartOf":{"@id":"https:\/\/lechanvriersuisse.com\/#website"},"datePublished":"2021-05-04T13:55:34+00:00","dateModified":"2021-11-10T13:15:35+00:00","description":"Le Chanvrier Suisse attache une grande importance au respect de votre vie priv\u00e9e et \u00e0 la protection de vos donn\u00e9es, et \u00e0 vous fournir les meilleurs produits et services.","breadcrumb":{"@id":"https:\/\/lechanvriersuisse.com\/politique-de-confidentialite\/#breadcrumb"},"inLanguage":"en-US","potentialAction":[{"@type":"ReadAction","target":["https:\/\/lechanvriersuisse.com\/politique-de-confidentialite\/"]}]},{"@type":"BreadcrumbList","@id":"https:\/\/lechanvriersuisse.com\/politique-de-confidentialite\/#breadcrumb","itemListElement":[{"@type":"ListItem","position":1,"name":"Home","item":"https:\/\/lechanvriersuisse.com\/"},{"@type":"ListItem","position":2,"name":"Politique De Confidentialit\u00e9"}]}]}},"_links":{"self":[{"href":"http:\/\/lechanvriersuisse.com\/en\/wp-json\/wp\/v2\/pages\/340"}],"collection":[{"href":"http:\/\/lechanvriersuisse.com\/en\/wp-json\/wp\/v2\/pages"}],"about":[{"href":"http:\/\/lechanvriersuisse.com\/en\/wp-json\/wp\/v2\/types\/page"}],"author":[{"embeddable":true,"href":"http:\/\/lechanvriersuisse.com\/en\/wp-json\/wp\/v2\/users\/1"}],"replies":[{"embeddable":true,"href":"http:\/\/lechanvriersuisse.com\/en\/wp-json\/wp\/v2\/comments?post=340"}],"version-history":[{"count":4,"href":"http:\/\/lechanvriersuisse.com\/en\/wp-json\/wp\/v2\/pages\/340\/revisions"}],"predecessor-version":[{"id":504,"href":"http:\/\/lechanvriersuisse.com\/en\/wp-json\/wp\/v2\/pages\/340\/revisions\/504"}],"wp:attachment":[{"href":"http:\/\/lechanvriersuisse.com\/en\/wp-json\/wp\/v2\/media?parent=340"}],"curies":[{"name":"wp","href":"https:\/\/api.w.org\/{rel}","templated":true}]}}