
{"id":397,"date":"2021-05-04T13:59:48","date_gmt":"2021-05-04T13:59:48","guid":{"rendered":"http:\/\/lechanvriersuisse.com\/?page_id=397"},"modified":"2021-11-10T11:33:36","modified_gmt":"2021-11-10T11:33:36","slug":"mentions-legales","status":"publish","type":"page","link":"http:\/\/lechanvriersuisse.com\/en\/mentions-legales\/","title":{"rendered":"Mentions L\u00e9gales"},"content":{"rendered":"<p>LCS distribution, SAS whose head office is 65 rue Jean Jaur\u00e8s Firminy.<br \/>\nThe customer service of this site can be reached from Monday to Friday from 9:30 am to 12:00 pm and from 2:00 pm to 6:00 pm, except on public holidays:<br \/>\nBy e-mail from the contact form available on the site.<\/p>\n<p>Intellectual and industrial property rights :<br \/>\nAll the elements published on the Site, such as sounds, images, photographs, videos, writings, animations, programs, graphic charter, utilities, databases, software, and other underlying technology are protected by the provisions of the Intellectual Property Code and belong to LCS distribution SAS.<\/p>\n<p>The trademark \"Le chanvrier suisse\", as well as all the trademarks, figurative or not, and more generally all the other trademarks, illustrations, images and logos appearing on the articles, their accessories or their packaging, whether registered or not, are and will remain the exclusive property of LCS distribution, with the exception of the rights held on the visuals of the products, trademarks and logos of the suppliers of the Products presented on the Site.<\/p>\n<p>Any total or partial reproduction, modification or use of these trademarks, illustrations, images and logos, for any reason and on any medium whatsoever, without the express prior consent of LCS Distribution, is strictly prohibited.<\/p>\n<p>The same applies to any combination or conjunction with any other brand, symbol, logotype and more generally any distinctive sign intended to form a composite logo, with the exception of the logos and descriptive signs belonging to the brands present on the site. The same shall apply to all copyrights, drawings and models, patents which are the property of LCS Distribution.<\/p>\n<p>LCS distribution prohibits any deep hypertext link to the Site or any hypertext link that uses a \"transclusion\" technique. A user wishing to place on his personal Internet site a simple link referring directly to the home page of the Site must first request express authorization from LCS distribution.<\/p>","protected":false},"excerpt":{"rendered":"<p>LCS distribution, SAS dont le si\u00e8ge social est 65 rue Jean Jaur\u00e8s Firminy. Le service client du pr\u00e9sent site est joignable du lundi au vendredi de 9h30 \u00e0 12h00 et de 14h \u00e0 18h00, sauf les jours f\u00e9ri\u00e9s : Par courrier \u00e9lectronique depuis le formulaire de contact disponible sur le site. Droits de propri\u00e9t\u00e9 intellectuelle&hellip; <a class=\"more-link\" href=\"http:\/\/lechanvriersuisse.com\/en\/mentions-legales\/\">Continue reading <span class=\"screen-reader-text\">Mentions L\u00e9gales<\/span><\/a><\/p>","protected":false},"author":1,"featured_media":0,"parent":0,"menu_order":0,"comment_status":"closed","ping_status":"open","template":"","meta":[],"yoast_head":"<!-- This site is optimized with the Yoast SEO plugin v17.5 - https:\/\/yoast.com\/wordpress\/plugins\/seo\/ -->\n<title>Mentions L\u00e9gales - Le Chanvrier Suisse<\/title>\n<meta name=\"description\" content=\"LCS distribution, SAS dont le si\u00e8ge social est 65 rue Jean Jaur\u00e8s Firminy.Le service client du pr\u00e9sent site est joignable du lundi au vendredi de 9h30 \u00e0 12h00 et de 14h \u00e0 18h00, sauf les jours f\u00e9ri\u00e9s :Par courrier \u00e9lectronique depuis le formulaire de contact disponible sur le site.\" \/>\n<meta name=\"robots\" content=\"index, follow, max-snippet:-1, max-image-preview:large, max-video-preview:-1\" \/>\n<link rel=\"canonical\" href=\"http:\/\/lechanvriersuisse.com\/en\/mentions-legales\/\" \/>\n<meta property=\"og:locale\" content=\"en_US\" \/>\n<meta property=\"og:type\" content=\"article\" \/>\n<meta property=\"og:title\" content=\"Mentions L\u00e9gales - Le Chanvrier Suisse\" \/>\n<meta property=\"og:description\" content=\"LCS distribution, SAS dont le si\u00e8ge social est 65 rue Jean Jaur\u00e8s Firminy.Le service client du pr\u00e9sent site est joignable du lundi au vendredi de 9h30 \u00e0 12h00 et de 14h \u00e0 18h00, sauf les jours f\u00e9ri\u00e9s :Par courrier \u00e9lectronique depuis le formulaire de contact disponible sur le site.\" \/>\n<meta property=\"og:url\" content=\"http:\/\/lechanvriersuisse.com\/en\/mentions-legales\/\" \/>\n<meta property=\"og:site_name\" content=\"Le Chanvrier Suisse\" \/>\n<meta property=\"article:modified_time\" content=\"2021-11-10T11:33:36+00:00\" \/>\n<meta name=\"twitter:card\" content=\"summary_large_image\" \/>\n<meta name=\"twitter:label1\" content=\"Est. reading time\" \/>\n\t<meta name=\"twitter:data1\" content=\"2 minutes\" \/>\n<script type=\"application\/ld+json\" class=\"yoast-schema-graph\">{\"@context\":\"https:\/\/schema.org\",\"@graph\":[{\"@type\":\"WebSite\",\"@id\":\"http:\/\/lechanvriersuisse.com\/en\/#website\",\"url\":\"http:\/\/lechanvriersuisse.com\/en\/\",\"name\":\"Le Chanvrier Suisse\",\"description\":\"Swiss Made CBD.\",\"potentialAction\":[{\"@type\":\"SearchAction\",\"target\":{\"@type\":\"EntryPoint\",\"urlTemplate\":\"http:\/\/lechanvriersuisse.com\/en\/?s={search_term_string}\"},\"query-input\":\"required name=search_term_string\"}],\"inLanguage\":\"en-US\"},{\"@type\":\"WebPage\",\"@id\":\"http:\/\/lechanvriersuisse.com\/mentions-legales\/#webpage\",\"url\":\"http:\/\/lechanvriersuisse.com\/mentions-legales\/\",\"name\":\"Mentions L\\u00e9gales - Le Chanvrier Suisse\",\"isPartOf\":{\"@id\":\"http:\/\/lechanvriersuisse.com\/en\/#website\"},\"datePublished\":\"2021-05-04T13:59:48+00:00\",\"dateModified\":\"2021-11-10T11:33:36+00:00\",\"description\":\"LCS distribution, SAS dont le si\\u00e8ge social est 65 rue Jean Jaur\\u00e8s Firminy.Le service client du pr\\u00e9sent site est joignable du lundi au vendredi de 9h30 \\u00e0 12h00 et de 14h \\u00e0 18h00, sauf les jours f\\u00e9ri\\u00e9s :Par courrier \\u00e9lectronique depuis le formulaire de contact disponible sur le site.\",\"breadcrumb\":{\"@id\":\"http:\/\/lechanvriersuisse.com\/mentions-legales\/#breadcrumb\"},\"inLanguage\":\"en-US\",\"potentialAction\":[{\"@type\":\"ReadAction\",\"target\":[\"http:\/\/lechanvriersuisse.com\/mentions-legales\/\"]}]},{\"@type\":\"BreadcrumbList\",\"@id\":\"http:\/\/lechanvriersuisse.com\/mentions-legales\/#breadcrumb\",\"itemListElement\":[{\"@type\":\"ListItem\",\"position\":1,\"name\":\"Home\",\"item\":\"http:\/\/lechanvriersuisse.com\/en\/\"},{\"@type\":\"ListItem\",\"position\":2,\"name\":\"Mentions L\\u00e9gales\"}]}]}<\/script>\n<!-- \/ Yoast SEO plugin. -->","yoast_head_json":{"title":"Mentions L\u00e9gales - Le Chanvrier Suisse","description":"LCS distribution, SAS dont le si\u00e8ge social est 65 rue Jean Jaur\u00e8s Firminy.Le service client du pr\u00e9sent site est joignable du lundi au vendredi de 9h30 \u00e0 12h00 et de 14h \u00e0 18h00, sauf les jours f\u00e9ri\u00e9s :Par courrier \u00e9lectronique depuis le formulaire de contact disponible sur le site.","robots":{"index":"index","follow":"follow","max-snippet":"max-snippet:-1","max-image-preview":"max-image-preview:large","max-video-preview":"max-video-preview:-1"},"canonical":"http:\/\/lechanvriersuisse.com\/en\/mentions-legales\/","og_locale":"en_US","og_type":"article","og_title":"Mentions L\u00e9gales - Le Chanvrier Suisse","og_description":"LCS distribution, SAS dont le si\u00e8ge social est 65 rue Jean Jaur\u00e8s Firminy.Le service client du pr\u00e9sent site est joignable du lundi au vendredi de 9h30 \u00e0 12h00 et de 14h \u00e0 18h00, sauf les jours f\u00e9ri\u00e9s :Par courrier \u00e9lectronique depuis le formulaire de contact disponible sur le site.","og_url":"http:\/\/lechanvriersuisse.com\/en\/mentions-legales\/","og_site_name":"Le Chanvrier Suisse","article_modified_time":"2021-11-10T11:33:36+00:00","twitter_card":"summary_large_image","twitter_misc":{"Est. reading time":"2 minutes"},"schema":{"@context":"https:\/\/schema.org","@graph":[{"@type":"WebSite","@id":"http:\/\/lechanvriersuisse.com\/en\/#website","url":"http:\/\/lechanvriersuisse.com\/en\/","name":"Le Chanvrier Suisse","description":"Swiss Made CBD.","potentialAction":[{"@type":"SearchAction","target":{"@type":"EntryPoint","urlTemplate":"http:\/\/lechanvriersuisse.com\/en\/?s={search_term_string}"},"query-input":"required name=search_term_string"}],"inLanguage":"en-US"},{"@type":"WebPage","@id":"http:\/\/lechanvriersuisse.com\/mentions-legales\/#webpage","url":"http:\/\/lechanvriersuisse.com\/mentions-legales\/","name":"Mentions L\u00e9gales - Le Chanvrier Suisse","isPartOf":{"@id":"http:\/\/lechanvriersuisse.com\/en\/#website"},"datePublished":"2021-05-04T13:59:48+00:00","dateModified":"2021-11-10T11:33:36+00:00","description":"LCS distribution, SAS dont le si\u00e8ge social est 65 rue Jean Jaur\u00e8s Firminy.Le service client du pr\u00e9sent site est joignable du lundi au vendredi de 9h30 \u00e0 12h00 et de 14h \u00e0 18h00, sauf les jours f\u00e9ri\u00e9s :Par courrier \u00e9lectronique depuis le formulaire de contact disponible sur le site.","breadcrumb":{"@id":"http:\/\/lechanvriersuisse.com\/mentions-legales\/#breadcrumb"},"inLanguage":"en-US","potentialAction":[{"@type":"ReadAction","target":["http:\/\/lechanvriersuisse.com\/mentions-legales\/"]}]},{"@type":"BreadcrumbList","@id":"http:\/\/lechanvriersuisse.com\/mentions-legales\/#breadcrumb","itemListElement":[{"@type":"ListItem","position":1,"name":"Home","item":"http:\/\/lechanvriersuisse.com\/en\/"},{"@type":"ListItem","position":2,"name":"Mentions L\u00e9gales"}]}]}},"_links":{"self":[{"href":"http:\/\/lechanvriersuisse.com\/en\/wp-json\/wp\/v2\/pages\/397"}],"collection":[{"href":"http:\/\/lechanvriersuisse.com\/en\/wp-json\/wp\/v2\/pages"}],"about":[{"href":"http:\/\/lechanvriersuisse.com\/en\/wp-json\/wp\/v2\/types\/page"}],"author":[{"embeddable":true,"href":"http:\/\/lechanvriersuisse.com\/en\/wp-json\/wp\/v2\/users\/1"}],"replies":[{"embeddable":true,"href":"http:\/\/lechanvriersuisse.com\/en\/wp-json\/wp\/v2\/comments?post=397"}],"version-history":[{"count":4,"href":"http:\/\/lechanvriersuisse.com\/en\/wp-json\/wp\/v2\/pages\/397\/revisions"}],"predecessor-version":[{"id":499,"href":"http:\/\/lechanvriersuisse.com\/en\/wp-json\/wp\/v2\/pages\/397\/revisions\/499"}],"wp:attachment":[{"href":"http:\/\/lechanvriersuisse.com\/en\/wp-json\/wp\/v2\/media?parent=397"}],"curies":[{"name":"wp","href":"https:\/\/api.w.org\/{rel}","templated":true}]}}