
{"id":400,"date":"2021-05-04T14:01:59","date_gmt":"2021-05-04T14:01:59","guid":{"rendered":"http:\/\/lechanvriersuisse.com\/?page_id=400"},"modified":"2021-11-10T13:10:46","modified_gmt":"2021-11-10T13:10:46","slug":"politique-dexpedition","status":"publish","type":"page","link":"http:\/\/lechanvriersuisse.com\/en\/politique-dexpedition\/","title":{"rendered":"Shipping Policy"},"content":{"rendered":"<h4 class=\"p1\"><span class=\"s1\"><b>TRANSPORT OF YOUR PACKAGE: <\/b><\/span><\/h4>\n<p class=\"p1\"><span class=\"s1\">LCS DISTRIBUTION guarantees you a fast delivery at the best conditions: Between 48h and 72h for France.<\/span><\/p>\n<p class=\"p1\"><span class=\"s1\">Our packages are sent by colissimo from our stocks located in France to the destination.<\/span><\/p>\n<p class=\"p1\"><span class=\"s1\">We remind you that you must not accept a damaged or opened package.<\/span><\/p>\n<p class=\"p1\"><span class=\"s1\">\u00a0<\/span><\/p>\n<h4><span class=\"s1\">RATES: <\/span><\/h4>\n<p class=\"p1\"><span class=\"s1\">FREE SHIPPING in France only for any order over 39,90 \u20ac colissimo.<\/span><\/p>\n<p class=\"p1\"><span class=\"s1\">No shipping for overseas, European Union member countries and the rest of the world.\u00a0<\/span><\/p>\n<p class=\"p1\"><span class=\"s1\">The shipping costs as well as the total price of your order are indicated during its confirmation before the online payment.<\/span><\/p>\n<p class=\"p1\"><span class=\"s1\">Place your order before 2:00 pm it will be processed the same day (except Saturday, Sunday and holidays), if the product is indicated available on the site.<\/span><\/p>\n<p class=\"p1\"><span class=\"s1\">The total price of your order is calculated automatically. You can see it evolving in your cart.<\/span><\/p>\n<p class=\"p1\"><span class=\"s1\">FREE SHIPPING for any basket over 39,90 \u20ac by colissimo.<\/span><\/p>\n<p class=\"p1\"><span class=\"s1\">\u00a0\u00a0<\/span><\/p>\n<h4 class=\"p1\"><span class=\"s1\">EXCHANGE OF PRODUCTS :<\/span><\/h4>\n<p class=\"p1\"><span class=\"s1\">Exchange is also possible, the transport costs being entirely at your expense.<\/span><\/p>\n<p class=\"p1\"><span class=\"s1\">The conditions are the same as for the return of a package.<\/span><\/p>\n<p>&nbsp;<\/p>\n<h4 class=\"p1\"><span class=\"s1\"><b>PRODUCTS <\/b><\/span><\/h4>\n<p class=\"p3\"><span class=\"s1\">The majority of the products offered by LCS distribution to its customers are immediately available.<\/span><\/p>\n<p class=\"p3\"><span class=\"s1\">However, not all products marketed by can or may be sold online.<\/span><\/p>\n<p>&nbsp;<\/p>\n<h4 class=\"p1\"><span class=\"s1\"><b>ORDER: <\/b><\/span><\/h4>\n<p class=\"p1\"><span class=\"s1\">The automatic recording systems are considered as proof of the nature, content and date of the Order.<\/span><\/p>\n<p class=\"p1\"><span class=\"s1\">LCS Distribution will confirm the acceptance of the Sales Order by sending a confirmation message to the e-mail address indicated by the client. The sale will only be concluded once the Sales Order confirmation has been sent.<\/span><\/p>\n<p class=\"p1\"><span class=\"s1\">LCS Distribution reserves the right to refuse or cancel any Sales Order placed by a client in the event of the client's insolvency or in the event of non-payment of the Sales Order in question, or in the event of a dispute concerning the payment of a previous Sales Order.<\/span><\/p>\n<p class=\"p1\"><span class=\"s1\">The client is exclusively responsible for any information that he or she provides when making the Sales Order.\u00a0The client is exclusively responsible for any information that he or she provides when making the Sales Order. shall in no way be held responsible for any typing errors made by the client as concerns, notably, the recipients shipping address and\/or the invoicing address etc., thereby causing delays or total hindrance to ship the Product(s) ordered.<\/span><\/p>\n<p>&nbsp;<\/p>\n<h4 class=\"p1\"><span class=\"s1\"><b>DELIVERY: <\/b><\/span><\/h4>\n<p class=\"p1\"><span class=\"s1\">Once the Sales Order has been confirmed, and subject to full payment of the Product(s) ordered by the client, LCS Distribution will ship the Product(s), under responsibility, to the client or recipients address within workdays.<\/span><\/p>\n<p class=\"p1\"><span class=\"s1\">All Products set out in the Sales Order transmitted to are strictly reserved for personal use by the client or the recipient explicitly mentioned under the recipient address information.<\/span><\/p>\n<p class=\"p1\"><span class=\"s1\">Where applicable, the customer undertakes to pay upon receipt, all taxes, duties, levies and other present and future charges due in respect of the delivery of the said products themselves; the joint and several liability of LCS Distribution may not at any time be incurred in this respect.<\/span><\/p>\n<p class=\"p1\"><span class=\"s1\">The client or the recipient of the Products shall refrain from any partial or total resale of the Products.<\/span><\/p>\n<p class=\"p1\"><span class=\"s1\">Delivery will be made by La Poste Suivi, colissimo, lettre max or by any other carrier at our convenience.<\/span><\/p>\n<p class=\"p1\"><span class=\"s1\">Our delivery rates are available by clicking on \"Delivery\" in the footer of our site.<\/span><\/p>\n<p class=\"p1\"><span class=\"s1\">In the event of a delay in delivery exceeding seven (7) days, the Customer may, if he so wishes, and except in cases of force majeure, terminate the sales contract by registered letter with acknowledgement of receipt. This right must however be exercised within sixty (60) working days from the delivery date initially provided for in the contract.<\/span><\/p>\n<p class=\"p1\"><span class=\"s1\">Upon receipt of the Products ordered, the client or recipient shall verify the proper functioning of the goods delivered and shall take note of the conditions of use as indicated on the supplied instructions.<\/span><\/p>\n<p class=\"p1\"><span class=\"s1\">In the event that one or more of the Products ordered are missing or damaged, the client or recipient must report this to the carrier at the time of delivery.<\/span><\/p>\n<p class=\"p1\"><span class=\"s1\">In case of apparent defects, the customer benefits from the right of return under the conditions provided in the instructions for use of the goods<\/span><\/p>\n<p class=\"p1\"><span class=\"s1\">Due to the availability of the Products ordered, an Order may be shipped to the client in successive segments.<\/span><\/p>\n<p class=\"p1\"><span class=\"s1\">In the event that the client wishes to have the Products ordered delivered to two distinct addresses, two separate Sales Orders must be placed.<\/span><\/p>\n<p>&nbsp;<\/p>\n<h4 class=\"p1\"><span class=\"s1\">PAYMENT:\u00a0<\/span><\/h4>\n<p class=\"p1\"><span class=\"s1\">The price invoiced to the client is the price indicated on the Sales Order confirmation sent by LCS Distribution.<\/span><\/p>\n<p class=\"p1\"><span class=\"s1\">The price of the Products is payable in cash by one of the means of payment proposed on the site the day of the effective order.<\/span><\/p>\n<p class=\"p1\"><span class=\"s1\">The Sales Order validated by the client will only be considered effective once the secure payment center has given its approval of the transaction and, if necessary, after acceptance of the risk by the insurer.<\/span><\/p>\n<p>&nbsp;<\/p>\n<h4 class=\"p1\"><b>APPLICABLE LAW :\u00a0<\/b><\/h4>\n<p class=\"p1\"><span class=\"s1\">The present general conditions of sale are subject to French law.<\/span><\/p>\n<p>&nbsp;<\/p>\n<h4 class=\"p1\"><span class=\"s1\"><b>GUARANTEE: <\/b><\/span><\/h4>\n<p class=\"p1\"><span class=\"s1\">In all cases, LCS Distribution shall not be held liable for the failure to comply with the laws and regulations in force in the country of receipt. The liability of LCS Distribution shall be systematically limited to the value of the Products held liable at the date of sale, and with no possibility for filing claims against the brand name or Product manufacturer.<\/span><\/p>\n<p class=\"p1\"><span class=\"s1\">The customer can contact the customer service by phone (indicated in the header of the site) or by email at the contact address.<br \/>\nAnswer: 48 hours.<\/span><\/p>\n<p>&nbsp;<\/p>\n<h4 class=\"p1\"><span class=\"s1\"><b>LEGAL INFORMATION : <\/b><\/span><\/h4>\n<p class=\"p1\"><span class=\"s1\">The personal information collected for the purposes of distance selling is mandatory, as this information is essential for the processing and delivery of orders, the preparation of invoices and warranty contracts. Failure to provide this information will result in the Order not being validated.<\/span><\/p>\n<p class=\"p1\"><span class=\"s1\">In accordance with the law \"Informatique et Libert\u00e9s\", the processing of personal information about customers has been declared to the Commission Nationale de l'Informatique et des Libert\u00e9s (CNIL).<\/span><\/p>\n<p class=\"p1\"><span class=\"s1\">The customer has (article 34 of the law of January 6, 1978) a right of access, modification, rectification and deletion of the data concerning him\/her, which he\/she can exercise with LCS distribution. Moreover, LCS distribution undertakes not to communicate, free of charge or in exchange for payment, the details of its customers to a third party.<\/span><\/p>","protected":false},"excerpt":{"rendered":"<p>TRANSPORT DE VOTRE COLIS : LCS DISTRIBUTION vous garantie une livraison rapide aux meilleures conditions : Entre 48h et 72h pour la France. Nos colis sont envoy\u00e9s par colissimo depuis nos stocks situ\u00e9s en France vers le lieu de destination. Nous vous rappelons que vous ne devez pas accepter un colis d\u00e9t\u00e9rior\u00e9 ou ouvert. \u00a0&hellip; <a class=\"more-link\" href=\"http:\/\/lechanvriersuisse.com\/en\/politique-dexpedition\/\">Continue reading <span class=\"screen-reader-text\">Shipping Policy<\/span><\/a><\/p>","protected":false},"author":1,"featured_media":0,"parent":0,"menu_order":0,"comment_status":"closed","ping_status":"open","template":"","meta":[],"yoast_head":"<!-- This site is optimized with the Yoast SEO plugin v17.5 - https:\/\/yoast.com\/wordpress\/plugins\/seo\/ -->\n<title>Politique D&#039;Exp\u00e9dition - Le Chanvrier Suisse<\/title>\n<meta name=\"description\" content=\"LCS DISTRIBUTION vous garantie une livraison rapide aux meilleures conditions : Entre 48h et 72h pour la France. LIVRAISON GRATUITE en France m\u00e9tropolitaine uniquement pour toute commande sup\u00e9rieure \u00e0 39,90 \u20ac colissimo.\" \/>\n<meta name=\"robots\" content=\"index, follow, max-snippet:-1, max-image-preview:large, max-video-preview:-1\" \/>\n<link rel=\"canonical\" href=\"http:\/\/lechanvriersuisse.com\/en\/politique-dexpedition\/\" \/>\n<meta property=\"og:locale\" content=\"en_US\" \/>\n<meta property=\"og:type\" content=\"article\" \/>\n<meta property=\"og:title\" content=\"Politique D&#039;Exp\u00e9dition - Le Chanvrier Suisse\" \/>\n<meta property=\"og:description\" content=\"LCS DISTRIBUTION vous garantie une livraison rapide aux meilleures conditions : Entre 48h et 72h pour la France. LIVRAISON GRATUITE en France m\u00e9tropolitaine uniquement pour toute commande sup\u00e9rieure \u00e0 39,90 \u20ac colissimo.\" \/>\n<meta property=\"og:url\" content=\"http:\/\/lechanvriersuisse.com\/en\/politique-dexpedition\/\" \/>\n<meta property=\"og:site_name\" content=\"Le Chanvrier Suisse\" \/>\n<meta property=\"article:modified_time\" content=\"2021-11-10T13:10:46+00:00\" \/>\n<meta name=\"twitter:card\" content=\"summary_large_image\" \/>\n<meta name=\"twitter:label1\" content=\"Est. reading time\" \/>\n\t<meta name=\"twitter:data1\" content=\"6 minutes\" \/>\n<script type=\"application\/ld+json\" class=\"yoast-schema-graph\">{\"@context\":\"https:\/\/schema.org\",\"@graph\":[{\"@type\":\"WebSite\",\"@id\":\"http:\/\/lechanvriersuisse.com\/#website\",\"url\":\"http:\/\/lechanvriersuisse.com\/\",\"name\":\"Le Chanvrier Suisse\",\"description\":\"Swiss Made CBD.\",\"potentialAction\":[{\"@type\":\"SearchAction\",\"target\":{\"@type\":\"EntryPoint\",\"urlTemplate\":\"http:\/\/lechanvriersuisse.com\/?s={search_term_string}\"},\"query-input\":\"required name=search_term_string\"}],\"inLanguage\":\"en-US\"},{\"@type\":\"WebPage\",\"@id\":\"https:\/\/lechanvriersuisse.com\/politique-dexpedition\/#webpage\",\"url\":\"https:\/\/lechanvriersuisse.com\/politique-dexpedition\/\",\"name\":\"Politique D'Exp\\u00e9dition - Le Chanvrier Suisse\",\"isPartOf\":{\"@id\":\"http:\/\/lechanvriersuisse.com\/#website\"},\"datePublished\":\"2021-05-04T14:01:59+00:00\",\"dateModified\":\"2021-11-10T13:10:46+00:00\",\"description\":\"LCS DISTRIBUTION vous garantie une livraison rapide aux meilleures conditions : Entre 48h et 72h pour la France. LIVRAISON GRATUITE en France m\\u00e9tropolitaine uniquement pour toute commande sup\\u00e9rieure \\u00e0 39,90 \\u20ac colissimo.\",\"breadcrumb\":{\"@id\":\"https:\/\/lechanvriersuisse.com\/politique-dexpedition\/#breadcrumb\"},\"inLanguage\":\"en-US\",\"potentialAction\":[{\"@type\":\"ReadAction\",\"target\":[\"https:\/\/lechanvriersuisse.com\/politique-dexpedition\/\"]}]},{\"@type\":\"BreadcrumbList\",\"@id\":\"https:\/\/lechanvriersuisse.com\/politique-dexpedition\/#breadcrumb\",\"itemListElement\":[{\"@type\":\"ListItem\",\"position\":1,\"name\":\"Home\",\"item\":\"https:\/\/lechanvriersuisse.com\/\"},{\"@type\":\"ListItem\",\"position\":2,\"name\":\"Politique D&#8217;Exp\\u00e9dition\"}]}]}<\/script>\n<!-- \/ Yoast SEO plugin. -->","yoast_head_json":{"title":"Politique D'Exp\u00e9dition - Le Chanvrier Suisse","description":"LCS DISTRIBUTION vous garantie une livraison rapide aux meilleures conditions : Entre 48h et 72h pour la France. LIVRAISON GRATUITE en France m\u00e9tropolitaine uniquement pour toute commande sup\u00e9rieure \u00e0 39,90 \u20ac colissimo.","robots":{"index":"index","follow":"follow","max-snippet":"max-snippet:-1","max-image-preview":"max-image-preview:large","max-video-preview":"max-video-preview:-1"},"canonical":"http:\/\/lechanvriersuisse.com\/en\/politique-dexpedition\/","og_locale":"en_US","og_type":"article","og_title":"Politique D'Exp\u00e9dition - Le Chanvrier Suisse","og_description":"LCS DISTRIBUTION vous garantie une livraison rapide aux meilleures conditions : Entre 48h et 72h pour la France. LIVRAISON GRATUITE en France m\u00e9tropolitaine uniquement pour toute commande sup\u00e9rieure \u00e0 39,90 \u20ac colissimo.","og_url":"http:\/\/lechanvriersuisse.com\/en\/politique-dexpedition\/","og_site_name":"Le Chanvrier Suisse","article_modified_time":"2021-11-10T13:10:46+00:00","twitter_card":"summary_large_image","twitter_misc":{"Est. reading time":"6 minutes"},"schema":{"@context":"https:\/\/schema.org","@graph":[{"@type":"WebSite","@id":"http:\/\/lechanvriersuisse.com\/#website","url":"http:\/\/lechanvriersuisse.com\/","name":"Le Chanvrier Suisse","description":"Swiss Made CBD.","potentialAction":[{"@type":"SearchAction","target":{"@type":"EntryPoint","urlTemplate":"http:\/\/lechanvriersuisse.com\/?s={search_term_string}"},"query-input":"required name=search_term_string"}],"inLanguage":"en-US"},{"@type":"WebPage","@id":"https:\/\/lechanvriersuisse.com\/politique-dexpedition\/#webpage","url":"https:\/\/lechanvriersuisse.com\/politique-dexpedition\/","name":"Politique D'Exp\u00e9dition - Le Chanvrier Suisse","isPartOf":{"@id":"http:\/\/lechanvriersuisse.com\/#website"},"datePublished":"2021-05-04T14:01:59+00:00","dateModified":"2021-11-10T13:10:46+00:00","description":"LCS DISTRIBUTION vous garantie une livraison rapide aux meilleures conditions : Entre 48h et 72h pour la France. LIVRAISON GRATUITE en France m\u00e9tropolitaine uniquement pour toute commande sup\u00e9rieure \u00e0 39,90 \u20ac colissimo.","breadcrumb":{"@id":"https:\/\/lechanvriersuisse.com\/politique-dexpedition\/#breadcrumb"},"inLanguage":"en-US","potentialAction":[{"@type":"ReadAction","target":["https:\/\/lechanvriersuisse.com\/politique-dexpedition\/"]}]},{"@type":"BreadcrumbList","@id":"https:\/\/lechanvriersuisse.com\/politique-dexpedition\/#breadcrumb","itemListElement":[{"@type":"ListItem","position":1,"name":"Home","item":"https:\/\/lechanvriersuisse.com\/"},{"@type":"ListItem","position":2,"name":"Politique D&#8217;Exp\u00e9dition"}]}]}},"_links":{"self":[{"href":"http:\/\/lechanvriersuisse.com\/en\/wp-json\/wp\/v2\/pages\/400"}],"collection":[{"href":"http:\/\/lechanvriersuisse.com\/en\/wp-json\/wp\/v2\/pages"}],"about":[{"href":"http:\/\/lechanvriersuisse.com\/en\/wp-json\/wp\/v2\/types\/page"}],"author":[{"embeddable":true,"href":"http:\/\/lechanvriersuisse.com\/en\/wp-json\/wp\/v2\/users\/1"}],"replies":[{"embeddable":true,"href":"http:\/\/lechanvriersuisse.com\/en\/wp-json\/wp\/v2\/comments?post=400"}],"version-history":[{"count":11,"href":"http:\/\/lechanvriersuisse.com\/en\/wp-json\/wp\/v2\/pages\/400\/revisions"}],"predecessor-version":[{"id":413,"href":"http:\/\/lechanvriersuisse.com\/en\/wp-json\/wp\/v2\/pages\/400\/revisions\/413"}],"wp:attachment":[{"href":"http:\/\/lechanvriersuisse.com\/en\/wp-json\/wp\/v2\/media?parent=400"}],"curies":[{"name":"wp","href":"https:\/\/api.w.org\/{rel}","templated":true}]}}