
{"id":402,"date":"2021-05-04T14:03:18","date_gmt":"2021-05-04T14:03:18","guid":{"rendered":"http:\/\/lechanvriersuisse.com\/?page_id=402"},"modified":"2021-11-10T14:02:01","modified_gmt":"2021-11-10T14:02:01","slug":"politique-de-remboursement","status":"publish","type":"page","link":"http:\/\/lechanvriersuisse.com\/en\/politique-de-remboursement\/","title":{"rendered":"Refund Policy"},"content":{"rendered":"<p class=\"p1\"><span class=\"s1\">The customer has a period of 7 days from the reception of the ordered Products to return them to LCS distribution for exchange or reimbursement. In this case, the customer shall return the Products in new and undamaged condition, together with all accessories, user manuals and documentation to the following address<\/span><\/p>\n<p class=\"p1\"><span class=\"s1\">LCS distribution<br \/>\n63 bis boulevard bessi\u00e8res 75017 PARIS<\/span><\/p>\n<p class=\"p1\"><span class=\"s1\">FRANCE<\/span><\/p>\n<p class=\"p1\"><span class=\"s1\">In case of exercise of the right of withdrawal, LCS Distribution undertakes to reimburse the sums paid by the customer, free of charge, with the exception of the return postage.<\/span><\/p>\n<p class=\"p1\"><span class=\"s1\">The refund is due within a maximum of 30 days.<\/span><\/p>\n<p>&nbsp;<\/p>\n<h4 class=\"p3\"><span class=\"s1\"><b>PRICE<\/b><\/span><\/h4>\n<p class=\"p3\"><span class=\"s1\">The price is expressed in euro.<\/span><\/p>\n<p class=\"p3\"><span class=\"s1\">The price indicated on the product sheets does not include the inherent costs of transport.<\/span><\/p>\n<p class=\"p3\"><span class=\"s1\">The price indicated on the Order Confirmation is the final price, inclusive of all taxes and including VAT. This price includes the price of the Products, the handling, packaging and storage costs of the Products, the shipping costs and the commissioning costs.<\/span><\/p>\n<p>&nbsp;<\/p>\n<h4 class=\"p3\"><span class=\"s1\"><b>RESPONSIBILITY<\/b><\/span><\/h4>\n<p class=\"p3\"><span class=\"s1\">LCS Distribution shall not be held liable for bodily or material damages of any kind incurred as a result of improper functioning or use of the Products.<\/span><\/p>\n<p class=\"p3\"><span class=\"s1\">The responsibility of LCS distribution will be, in any case, limited to the amount of the order. In case of difficulties in the application of this contract, the customer and reserve the possibility, before any legal action, to seek an amicable solution<\/span><\/p>\n<p class=\"p3\"><span class=\"s1\">Otherwise, for professional customers, the Tribunal de Commerce de PARIS is the only competent court, regardless of the place of delivery and the method of payment accepted.<\/span><\/p>","protected":false},"excerpt":{"rendered":"<p>Le client dispose d&rsquo;un d\u00e9lai de 7 jours jours \u00e0 compter de la r\u00e9ception des produits command\u00e9s pour les retourner \u00e0\u00a0LCS distribution\u00a0contre \u00e9change ou remboursement. Dans cette hypoth\u00e8se, le client devra renvoyer les Produits neufs, intacts, accompagn\u00e9s de tous les accessoires \u00e9ventuels, notices d&rsquo;utilisation et documentations \u00e0 l&rsquo;adresse suivante : LCS distribution 63 bis boulevard&hellip; <a class=\"more-link\" href=\"http:\/\/lechanvriersuisse.com\/en\/politique-de-remboursement\/\">Continue reading <span class=\"screen-reader-text\">Refund Policy<\/span><\/a><\/p>","protected":false},"author":1,"featured_media":0,"parent":0,"menu_order":0,"comment_status":"closed","ping_status":"open","template":"","meta":[],"yoast_head":"<!-- This site is optimized with the Yoast SEO plugin v17.5 - https:\/\/yoast.com\/wordpress\/plugins\/seo\/ -->\n<title>Politique De Remboursement - Le Chanvrier Suisse<\/title>\n<meta name=\"description\" content=\"Le client dispose d&#039;un d\u00e9lai de 7 jours \u00e0 compter de la r\u00e9ception des produits command\u00e9s pour les retourner \u00e0\u00a0LCS distribution \u00e0 l&#039;adresse suivante :LCS distribution 63 boulevard bessi\u00e8res 75017 PARIS FRANCE\" \/>\n<meta name=\"robots\" content=\"index, follow, max-snippet:-1, max-image-preview:large, max-video-preview:-1\" \/>\n<link rel=\"canonical\" href=\"http:\/\/lechanvriersuisse.com\/en\/politique-de-remboursement\/\" \/>\n<meta property=\"og:locale\" content=\"en_US\" \/>\n<meta property=\"og:type\" content=\"article\" \/>\n<meta property=\"og:title\" content=\"Politique De Remboursement - Le Chanvrier Suisse\" \/>\n<meta property=\"og:description\" content=\"Le client dispose d&#039;un d\u00e9lai de 7 jours \u00e0 compter de la r\u00e9ception des produits command\u00e9s pour les retourner \u00e0\u00a0LCS distribution \u00e0 l&#039;adresse suivante :LCS distribution 63 boulevard bessi\u00e8res 75017 PARIS FRANCE\" \/>\n<meta property=\"og:url\" content=\"http:\/\/lechanvriersuisse.com\/en\/politique-de-remboursement\/\" \/>\n<meta property=\"og:site_name\" content=\"Le Chanvrier Suisse\" \/>\n<meta property=\"article:modified_time\" content=\"2021-11-10T14:02:01+00:00\" \/>\n<meta name=\"twitter:card\" content=\"summary_large_image\" \/>\n<meta name=\"twitter:label1\" content=\"Est. reading time\" \/>\n\t<meta name=\"twitter:data1\" content=\"1 minute\" \/>\n<script type=\"application\/ld+json\" class=\"yoast-schema-graph\">{\"@context\":\"https:\/\/schema.org\",\"@graph\":[{\"@type\":\"WebSite\",\"@id\":\"http:\/\/lechanvriersuisse.com\/en\/#website\",\"url\":\"http:\/\/lechanvriersuisse.com\/en\/\",\"name\":\"Le Chanvrier Suisse\",\"description\":\"Swiss Made CBD.\",\"potentialAction\":[{\"@type\":\"SearchAction\",\"target\":{\"@type\":\"EntryPoint\",\"urlTemplate\":\"http:\/\/lechanvriersuisse.com\/en\/?s={search_term_string}\"},\"query-input\":\"required name=search_term_string\"}],\"inLanguage\":\"en-US\"},{\"@type\":\"WebPage\",\"@id\":\"https:\/\/lechanvriersuisse.com\/politique-de-remboursement\/#webpage\",\"url\":\"https:\/\/lechanvriersuisse.com\/politique-de-remboursement\/\",\"name\":\"Politique De Remboursement - Le Chanvrier Suisse\",\"isPartOf\":{\"@id\":\"http:\/\/lechanvriersuisse.com\/en\/#website\"},\"datePublished\":\"2021-05-04T14:03:18+00:00\",\"dateModified\":\"2021-11-10T14:02:01+00:00\",\"description\":\"Le client dispose d'un d\\u00e9lai de 7 jours \\u00e0 compter de la r\\u00e9ception des produits command\\u00e9s pour les retourner \\u00e0\\u00a0LCS distribution \\u00e0 l'adresse suivante :LCS distribution 63 boulevard bessi\\u00e8res 75017 PARIS FRANCE\",\"breadcrumb\":{\"@id\":\"https:\/\/lechanvriersuisse.com\/politique-de-remboursement\/#breadcrumb\"},\"inLanguage\":\"en-US\",\"potentialAction\":[{\"@type\":\"ReadAction\",\"target\":[\"https:\/\/lechanvriersuisse.com\/politique-de-remboursement\/\"]}]},{\"@type\":\"BreadcrumbList\",\"@id\":\"https:\/\/lechanvriersuisse.com\/politique-de-remboursement\/#breadcrumb\",\"itemListElement\":[{\"@type\":\"ListItem\",\"position\":1,\"name\":\"Home\",\"item\":\"http:\/\/lechanvriersuisse.com\/en\/\"},{\"@type\":\"ListItem\",\"position\":2,\"name\":\"Politique De Remboursement\"}]}]}<\/script>\n<!-- \/ Yoast SEO plugin. -->","yoast_head_json":{"title":"Politique De Remboursement - Le Chanvrier Suisse","description":"Le client dispose d'un d\u00e9lai de 7 jours \u00e0 compter de la r\u00e9ception des produits command\u00e9s pour les retourner \u00e0\u00a0LCS distribution \u00e0 l'adresse suivante :LCS distribution 63 boulevard bessi\u00e8res 75017 PARIS FRANCE","robots":{"index":"index","follow":"follow","max-snippet":"max-snippet:-1","max-image-preview":"max-image-preview:large","max-video-preview":"max-video-preview:-1"},"canonical":"http:\/\/lechanvriersuisse.com\/en\/politique-de-remboursement\/","og_locale":"en_US","og_type":"article","og_title":"Politique De Remboursement - Le Chanvrier Suisse","og_description":"Le client dispose d'un d\u00e9lai de 7 jours \u00e0 compter de la r\u00e9ception des produits command\u00e9s pour les retourner \u00e0\u00a0LCS distribution \u00e0 l'adresse suivante :LCS distribution 63 boulevard bessi\u00e8res 75017 PARIS FRANCE","og_url":"http:\/\/lechanvriersuisse.com\/en\/politique-de-remboursement\/","og_site_name":"Le Chanvrier Suisse","article_modified_time":"2021-11-10T14:02:01+00:00","twitter_card":"summary_large_image","twitter_misc":{"Est. reading time":"1 minute"},"schema":{"@context":"https:\/\/schema.org","@graph":[{"@type":"WebSite","@id":"http:\/\/lechanvriersuisse.com\/en\/#website","url":"http:\/\/lechanvriersuisse.com\/en\/","name":"Le Chanvrier Suisse","description":"Swiss Made CBD.","potentialAction":[{"@type":"SearchAction","target":{"@type":"EntryPoint","urlTemplate":"http:\/\/lechanvriersuisse.com\/en\/?s={search_term_string}"},"query-input":"required name=search_term_string"}],"inLanguage":"en-US"},{"@type":"WebPage","@id":"https:\/\/lechanvriersuisse.com\/politique-de-remboursement\/#webpage","url":"https:\/\/lechanvriersuisse.com\/politique-de-remboursement\/","name":"Politique De Remboursement - Le Chanvrier Suisse","isPartOf":{"@id":"http:\/\/lechanvriersuisse.com\/en\/#website"},"datePublished":"2021-05-04T14:03:18+00:00","dateModified":"2021-11-10T14:02:01+00:00","description":"Le client dispose d'un d\u00e9lai de 7 jours \u00e0 compter de la r\u00e9ception des produits command\u00e9s pour les retourner \u00e0\u00a0LCS distribution \u00e0 l'adresse suivante :LCS distribution 63 boulevard bessi\u00e8res 75017 PARIS FRANCE","breadcrumb":{"@id":"https:\/\/lechanvriersuisse.com\/politique-de-remboursement\/#breadcrumb"},"inLanguage":"en-US","potentialAction":[{"@type":"ReadAction","target":["https:\/\/lechanvriersuisse.com\/politique-de-remboursement\/"]}]},{"@type":"BreadcrumbList","@id":"https:\/\/lechanvriersuisse.com\/politique-de-remboursement\/#breadcrumb","itemListElement":[{"@type":"ListItem","position":1,"name":"Home","item":"http:\/\/lechanvriersuisse.com\/en\/"},{"@type":"ListItem","position":2,"name":"Politique De Remboursement"}]}]}},"_links":{"self":[{"href":"http:\/\/lechanvriersuisse.com\/en\/wp-json\/wp\/v2\/pages\/402"}],"collection":[{"href":"http:\/\/lechanvriersuisse.com\/en\/wp-json\/wp\/v2\/pages"}],"about":[{"href":"http:\/\/lechanvriersuisse.com\/en\/wp-json\/wp\/v2\/types\/page"}],"author":[{"embeddable":true,"href":"http:\/\/lechanvriersuisse.com\/en\/wp-json\/wp\/v2\/users\/1"}],"replies":[{"embeddable":true,"href":"http:\/\/lechanvriersuisse.com\/en\/wp-json\/wp\/v2\/comments?post=402"}],"version-history":[{"count":7,"href":"http:\/\/lechanvriersuisse.com\/en\/wp-json\/wp\/v2\/pages\/402\/revisions"}],"predecessor-version":[{"id":507,"href":"http:\/\/lechanvriersuisse.com\/en\/wp-json\/wp\/v2\/pages\/402\/revisions\/507"}],"wp:attachment":[{"href":"http:\/\/lechanvriersuisse.com\/en\/wp-json\/wp\/v2\/media?parent=402"}],"curies":[{"name":"wp","href":"https:\/\/api.w.org\/{rel}","templated":true}]}}