
{"id":89,"date":"2021-04-20T15:51:33","date_gmt":"2021-04-20T15:51:33","guid":{"rendered":"http:\/\/lechanvriersuisse.com\/?page_id=89"},"modified":"2021-11-10T10:56:50","modified_gmt":"2021-11-10T10:56:50","slug":"blog","status":"publish","type":"page","link":"http:\/\/lechanvriersuisse.com\/en\/blog\/","title":{"rendered":"Blog"},"content":{"rendered":"<div data-elementor-type=\"wp-page\" data-elementor-id=\"89\" class=\"elementor elementor-89\" data-elementor-settings=\"[]\">\n\t\t\t\t\t\t\t<div class=\"elementor-section-wrap\">\n\t\t\t\t\t\t\t<section class=\"elementor-section elementor-top-section elementor-element elementor-element-2d7f5ed elementor-section-boxed elementor-section-height-default elementor-section-height-default\" data-id=\"2d7f5ed\" data-element_type=\"section\">\n\t\t\t\t\t\t<div class=\"elementor-container elementor-column-gap-default\">\n\t\t\t\t\t<div class=\"elementor-column elementor-col-100 elementor-top-column elementor-element elementor-element-d96d7f2\" data-id=\"d96d7f2\" data-element_type=\"column\">\n\t\t\t<div class=\"elementor-widget-wrap elementor-element-populated\">\n\t\t\t\t\t\t\t\t<div class=\"elementor-element elementor-element-6a6ddaa premium-blog-align-left elementor-widget elementor-widget-premium-addon-blog\" data-id=\"6a6ddaa\" data-element_type=\"widget\" data-settings=\"{&quot;premium_blog_grid&quot;:&quot;yes&quot;,&quot;premium_blog_layout&quot;:&quot;even&quot;,&quot;premium_blog_columns_number&quot;:&quot;50%&quot;,&quot;premium_blog_columns_number_tablet&quot;:&quot;50%&quot;,&quot;premium_blog_columns_number_mobile&quot;:&quot;100%&quot;}\" data-widget_type=\"premium-addon-blog.default\">\n\t\t\t\t<div class=\"elementor-widget-container\">\n\t\t\t\t<div class=\"premium-blog\">\n\t\t\t\t<div class=\"premium-blog-wrap  premium-blog-even\" data-page=\"89\">\n\t\t\t\t\t<div class=\"premium-blog-post-outer-container\" data-total=\"1\">\r\n\t\t\t<div class=\"premium-blog-post-container premium-blog-skin-classic\">\r\n\t\t\t\t\t\t\t\t\t<div class=\"premium-blog-thumb-effect-wrapper\">\r\n\t\t\t\t\t\t<div class=\"premium-blog-thumbnail-container premium-blog-zoomin-effect\">\r\n\t\t\t\t\t\t\t<img width=\"590\" height=\"380\" src=\"http:\/\/lechanvriersuisse.com\/wp-content\/uploads\/2021\/04\/1-1.jpg\" class=\"attachment-full size-full\" alt=\"\" loading=\"lazy\" style=\"width:100%;height:64.41%;max-width:590px\" \/>\t\t\t\t\t\t<\/div>\r\n\t\t\t\t\t\t\t\t\t\t\t\t\t<div class=\"premium-blog-thumbnail-overlay\">\r\n\t\t\t\t\t\t\t\t<a class=\"elementor-icon\" href=\"http:\/\/lechanvriersuisse.com\/en\/lhuile-de-cbd-naturelle-et-essentielle\/\" target=\"_blank\"><\/a>\r\n\t\t\t\t\t\t\t<\/div>\r\n\t\t\t\t\t\t\t\t\t\t\t<\/div>\r\n\t\t\t\t\t\t\t\t\t\t\t\t<div class=\"premium-blog-content-wrapper\">\r\n\t\t\t\t\t<div class=\"premium-blog-content-wrapper-inner\">\r\n\t\t\t\t\t\t<div class=\"premium-blog-inner-container\">\r\n\t\t\t\t\t\t\t<div class=\"premium-blog-entry-container\">\r\n\t\t\t\t\t\t\t\t\t\t\t\t\t\t\t\t\t\t<h2 class=\"premium-blog-entry-title\">\r\n\t\t\t<a href=\"http:\/\/lechanvriersuisse.com\/en\/lhuile-de-cbd-naturelle-et-essentielle\/\" target=\"_blank\">\r\n\t\t\t\tCBD OIL, NATURAL AND ESSENTIAL.\t\t\t<\/a>\r\n\t\t<\/h2>\r\n\t\t\t\t<div class=\"premium-blog-entry-meta\">\r\n\t\t\t\r\n\t\t\t\r\n\t\t\t\r\n\t\t\t\t\t<\/div>\r\n\t\t\r\n\t\t\t\t\t\t\t<\/div>\r\n\t\t\t\t\t\t<\/div>\r\n\r\n\t\t\t\t\t\t<p class=\"premium-blog-post-content\">Poss\u00e9dant une capacit\u00e9 particuli\u00e8re \u00e0 agir sur le corps humain, le CBD, l\u2019un des compos\u00e9s organiques du cannabis, conna\u00eet un succ\u00e8s r\u00e9cent. \u2026<\/p>\t\t\t\t\t\t\t\t\t\t\t<\/div>\r\n\t\t\t\t<\/div>\r\n\t\t\t<\/div>\r\n\t\t<\/div>\r\n\r\n\t\t\t\t<div class=\"premium-blog-post-outer-container\" data-total=\"1\">\r\n\t\t\t<div class=\"premium-blog-post-container premium-blog-skin-classic\">\r\n\t\t\t\t\t\t\t\t\t<div class=\"premium-blog-thumb-effect-wrapper\">\r\n\t\t\t\t\t\t<div class=\"premium-blog-thumbnail-container premium-blog-zoomin-effect\">\r\n\t\t\t\t\t\t\t<img width=\"590\" height=\"380\" src=\"http:\/\/lechanvriersuisse.com\/wp-content\/uploads\/2021\/04\/2-1.jpg\" class=\"attachment-full size-full\" alt=\"\" loading=\"lazy\" style=\"width:100%;height:64.41%;max-width:590px\" \/>\t\t\t\t\t\t<\/div>\r\n\t\t\t\t\t\t\t\t\t\t\t\t\t<div class=\"premium-blog-thumbnail-overlay\">\r\n\t\t\t\t\t\t\t\t<a class=\"elementor-icon\" href=\"http:\/\/lechanvriersuisse.com\/en\/le-cbd-cest-quoi\/\" target=\"_blank\"><\/a>\r\n\t\t\t\t\t\t\t<\/div>\r\n\t\t\t\t\t\t\t\t\t\t\t<\/div>\r\n\t\t\t\t\t\t\t\t\t\t\t\t<div class=\"premium-blog-content-wrapper\">\r\n\t\t\t\t\t<div class=\"premium-blog-content-wrapper-inner\">\r\n\t\t\t\t\t\t<div class=\"premium-blog-inner-container\">\r\n\t\t\t\t\t\t\t<div class=\"premium-blog-entry-container\">\r\n\t\t\t\t\t\t\t\t\t\t\t\t\t\t\t\t\t\t<h2 class=\"premium-blog-entry-title premium-blog-entry-title\">\r\n\t\t\t<a href=\"http:\/\/lechanvriersuisse.com\/en\/le-cbd-cest-quoi\/\" target=\"_blank\">\r\n\t\t\t\tWHAT IS CBD ?\t\t\t<\/a>\r\n\t\t<\/h2>\r\n\t\t\t\t<div class=\"premium-blog-entry-meta\">\r\n\t\t\t\r\n\t\t\t\r\n\t\t\t\r\n\t\t\t\t\t<\/div>\r\n\t\t\r\n\t\t\t\t\t\t\t<\/div>\r\n\t\t\t\t\t\t<\/div>\r\n\r\n\t\t\t\t\t\t<p class=\"premium-blog-post-content\">Le CBD et le THC sont des compos\u00e9s organiques issus de la m\u00eame plante, elles sont pourtant bien distinctes. Le THC est \u2026<\/p>\t\t\t\t\t\t\t\t\t\t\t<\/div>\r\n\t\t\t\t<\/div>\r\n\t\t\t<\/div>\r\n\t\t<\/div>\r\n\r\n\t\t\t\t<div class=\"premium-blog-post-outer-container\" data-total=\"1\">\r\n\t\t\t<div class=\"premium-blog-post-container premium-blog-skin-classic\">\r\n\t\t\t\t\t\t\t\t\t<div class=\"premium-blog-thumb-effect-wrapper\">\r\n\t\t\t\t\t\t<div class=\"premium-blog-thumbnail-container premium-blog-zoomin-effect\">\r\n\t\t\t\t\t\t\t<img width=\"590\" height=\"380\" src=\"http:\/\/lechanvriersuisse.com\/wp-content\/uploads\/2021\/04\/3.jpg\" class=\"attachment-full size-full\" alt=\"\" loading=\"lazy\" style=\"width:100%;height:64.41%;max-width:590px\" \/>\t\t\t\t\t\t<\/div>\r\n\t\t\t\t\t\t\t\t\t\t\t\t\t<div class=\"premium-blog-thumbnail-overlay\">\r\n\t\t\t\t\t\t\t\t<a class=\"elementor-icon\" href=\"http:\/\/lechanvriersuisse.com\/en\/le-vape-pen-cest-quoi\/\" target=\"_blank\"><\/a>\r\n\t\t\t\t\t\t\t<\/div>\r\n\t\t\t\t\t\t\t\t\t\t\t<\/div>\r\n\t\t\t\t\t\t\t\t\t\t\t\t<div class=\"premium-blog-content-wrapper\">\r\n\t\t\t\t\t<div class=\"premium-blog-content-wrapper-inner\">\r\n\t\t\t\t\t\t<div class=\"premium-blog-inner-container\">\r\n\t\t\t\t\t\t\t<div class=\"premium-blog-entry-container\">\r\n\t\t\t\t\t\t\t\t\t\t\t\t\t\t\t\t\t\t<h2 class=\"premium-blog-entry-title premium-blog-entry-title premium-blog-entry-title\">\r\n\t\t\t<a href=\"http:\/\/lechanvriersuisse.com\/en\/le-vape-pen-cest-quoi\/\" target=\"_blank\">\r\n\t\t\t\tWHAT IS VAPE PEN ?\t\t\t<\/a>\r\n\t\t<\/h2>\r\n\t\t\t\t<div class=\"premium-blog-entry-meta\">\r\n\t\t\t\r\n\t\t\t\r\n\t\t\t\r\n\t\t\t\t\t<\/div>\r\n\t\t\r\n\t\t\t\t\t\t\t<\/div>\r\n\t\t\t\t\t\t<\/div>\r\n\r\n\t\t\t\t\t\t<p class=\"premium-blog-post-content\">La cigarette \u00e9lectronique facilite la consommation de CBD. De fa\u00e7on l\u00e9gale et saine, l\u2019utilisation d\u2019e-liquides \u00e0 base de CBD commence \u00e0 s\u2019implanter \u2026<\/p>\t\t\t\t\t\t\t\t\t\t\t<\/div>\r\n\t\t\t\t<\/div>\r\n\t\t\t<\/div>\r\n\t\t<\/div>\r\n\r\n\t\t\t\t<div class=\"premium-blog-post-outer-container\" data-total=\"1\">\r\n\t\t\t<div class=\"premium-blog-post-container premium-blog-skin-classic\">\r\n\t\t\t\t\t\t\t\t\t<div class=\"premium-blog-thumb-effect-wrapper\">\r\n\t\t\t\t\t\t<div class=\"premium-blog-thumbnail-container premium-blog-zoomin-effect\">\r\n\t\t\t\t\t\t\t<img width=\"590\" height=\"380\" src=\"http:\/\/lechanvriersuisse.com\/wp-content\/uploads\/2021\/04\/4.jpg\" class=\"attachment-full size-full\" alt=\"\" loading=\"lazy\" style=\"width:100%;height:64.41%;max-width:590px\" \/>\t\t\t\t\t\t<\/div>\r\n\t\t\t\t\t\t\t\t\t\t\t\t\t<div class=\"premium-blog-thumbnail-overlay\">\r\n\t\t\t\t\t\t\t\t<a class=\"elementor-icon\" href=\"http:\/\/lechanvriersuisse.com\/en\/recettes-cbd\/\" target=\"_blank\"><\/a>\r\n\t\t\t\t\t\t\t<\/div>\r\n\t\t\t\t\t\t\t\t\t\t\t<\/div>\r\n\t\t\t\t\t\t\t\t\t\t\t\t<div class=\"premium-blog-content-wrapper\">\r\n\t\t\t\t\t<div class=\"premium-blog-content-wrapper-inner\">\r\n\t\t\t\t\t\t<div class=\"premium-blog-inner-container\">\r\n\t\t\t\t\t\t\t<div class=\"premium-blog-entry-container\">\r\n\t\t\t\t\t\t\t\t\t\t\t\t\t\t\t\t\t\t<h2 class=\"premium-blog-entry-title premium-blog-entry-title premium-blog-entry-title premium-blog-entry-title\">\r\n\t\t\t<a href=\"http:\/\/lechanvriersuisse.com\/en\/recettes-cbd\/\" target=\"_blank\">\r\n\t\t\t\tRECIPES FOR COOKING WITH CBD\t\t\t<\/a>\r\n\t\t<\/h2>\r\n\t\t\t\t<div class=\"premium-blog-entry-meta\">\r\n\t\t\t\r\n\t\t\t\r\n\t\t\t\r\n\t\t\t\t\t<\/div>\r\n\t\t\r\n\t\t\t\t\t\t\t<\/div>\r\n\t\t\t\t\t\t<\/div>\r\n\r\n\t\t\t\t\t\t<p class=\"premium-blog-post-content\">Brownies, guacamole ou encore steak au beurre, le CBD s\u2019incorpore facilement dans toutes vos recettes. Lorsque le CBD est ing\u00e9r\u00e9 au cours \u2026<\/p>\t\t\t\t\t\t\t\t\t\t\t<\/div>\r\n\t\t\t\t<\/div>\r\n\t\t\t<\/div>\r\n\t\t<\/div>\r\n\r\n\t\t\t\t<div class=\"premium-blog-post-outer-container\" data-total=\"1\">\r\n\t\t\t<div class=\"premium-blog-post-container premium-blog-skin-classic\">\r\n\t\t\t\t\t\t\t\t\t<div class=\"premium-blog-thumb-effect-wrapper\">\r\n\t\t\t\t\t\t<div class=\"premium-blog-thumbnail-container premium-blog-zoomin-effect\">\r\n\t\t\t\t\t\t\t<img width=\"590\" height=\"380\" src=\"http:\/\/lechanvriersuisse.com\/wp-content\/uploads\/2021\/04\/5.jpg\" class=\"attachment-full size-full\" alt=\"\" loading=\"lazy\" style=\"width:100%;height:64.41%;max-width:590px\" \/>\t\t\t\t\t\t<\/div>\r\n\t\t\t\t\t\t\t\t\t\t\t\t\t<div class=\"premium-blog-thumbnail-overlay\">\r\n\t\t\t\t\t\t\t\t<a class=\"elementor-icon\" href=\"http:\/\/lechanvriersuisse.com\/en\/cbd-methodes-de-production\/\" target=\"_blank\"><\/a>\r\n\t\t\t\t\t\t\t<\/div>\r\n\t\t\t\t\t\t\t\t\t\t\t<\/div>\r\n\t\t\t\t\t\t\t\t\t\t\t\t<div class=\"premium-blog-content-wrapper\">\r\n\t\t\t\t\t<div class=\"premium-blog-content-wrapper-inner\">\r\n\t\t\t\t\t\t<div class=\"premium-blog-inner-container\">\r\n\t\t\t\t\t\t\t<div class=\"premium-blog-entry-container\">\r\n\t\t\t\t\t\t\t\t\t\t\t\t\t\t\t\t\t\t<h2 class=\"premium-blog-entry-title premium-blog-entry-title premium-blog-entry-title premium-blog-entry-title premium-blog-entry-title\">\r\n\t\t\t<a href=\"http:\/\/lechanvriersuisse.com\/en\/cbd-methodes-de-production\/\" target=\"_blank\">\r\n\t\t\t\tCBD: THE DIFFERENT PRODUCTION METHODS\t\t\t<\/a>\r\n\t\t<\/h2>\r\n\t\t\t\t<div class=\"premium-blog-entry-meta\">\r\n\t\t\t\r\n\t\t\t\r\n\t\t\t\r\n\t\t\t\t\t<\/div>\r\n\t\t\r\n\t\t\t\t\t\t\t<\/div>\r\n\t\t\t\t\t\t<\/div>\r\n\r\n\t\t\t\t\t\t<p class=\"premium-blog-post-content\">INDOOR Cultiv\u00e9s en int\u00e9rieur par nos ma\u00eetres producteurs suisses, les ar\u00f4mes naturels et doux de la fleur de chanvre sont plus prononc\u00e9s. \u2026<\/p>\t\t\t\t\t\t\t\t\t\t\t<\/div>\r\n\t\t\t\t<\/div>\r\n\t\t\t<\/div>\r\n\t\t<\/div>\r\n\r\n\t\t\t\t<\/div>\n\t<\/div>\n\t\t\t\t<\/div>\n\t\t\t\t<\/div>\n\t\t\t\t\t<\/div>\n\t\t<\/div>\n\t\t\t\t\t\t\t<\/div>\n\t\t<\/section>\n\t\t\t\t\t\t<\/div>\n\t\t\t\t\t<\/div>","protected":false},"excerpt":{"rendered":"<p>L\u2019HUILE DE CBD, NATURELLE ET ESSENTIELLE. Poss\u00e9dant une capacit\u00e9 particuli\u00e8re \u00e0 agir sur le corps humain, le CBD, l\u2019un des compos\u00e9s organiques du cannabis, conna\u00eet un succ\u00e8s r\u00e9cent. \u2026 LE CBD, C\u2019EST QUOI ? Le CBD et le THC sont des compos\u00e9s organiques issus de la m\u00eame plante, elles sont pourtant bien distinctes. Le THC&hellip; <a class=\"more-link\" href=\"http:\/\/lechanvriersuisse.com\/en\/cbd-methodes-de-production\/\">Continue reading <span class=\"screen-reader-text\">CBD: THE DIFFERENT PRODUCTION METHODS<\/span><\/a><\/p>","protected":false},"author":1,"featured_media":0,"parent":0,"menu_order":0,"comment_status":"closed","ping_status":"closed","template":"elementor_header_footer","meta":[],"yoast_head":"<!-- This site is optimized with the Yoast SEO plugin v17.5 - https:\/\/yoast.com\/wordpress\/plugins\/seo\/ -->\n<title>Blog - Le Chanvrier Suisse<\/title>\n<meta name=\"description\" content=\"Amusez-vous dans notre espace blog, des articles cibl\u00e9s qui vous \u00e9claircissent les bienfaits des produits Le Chanvrier Suisse \u00e0 base du CBD.\" \/>\n<meta name=\"robots\" content=\"index, follow, max-snippet:-1, max-image-preview:large, max-video-preview:-1\" \/>\n<link rel=\"canonical\" href=\"http:\/\/lechanvriersuisse.com\/en\/blog\/\" \/>\n<meta property=\"og:locale\" content=\"en_US\" \/>\n<meta property=\"og:type\" content=\"article\" \/>\n<meta property=\"og:title\" content=\"Blog - Le Chanvrier Suisse\" \/>\n<meta property=\"og:description\" content=\"Amusez-vous dans notre espace blog, des articles cibl\u00e9s qui vous \u00e9claircissent les bienfaits des produits Le Chanvrier Suisse \u00e0 base du CBD.\" \/>\n<meta property=\"og:url\" content=\"http:\/\/lechanvriersuisse.com\/en\/blog\/\" \/>\n<meta property=\"og:site_name\" content=\"Le Chanvrier Suisse\" \/>\n<meta property=\"article:modified_time\" content=\"2021-11-10T10:56:50+00:00\" \/>\n<meta property=\"og:image\" content=\"http:\/\/lechanvriersuisse.com\/wp-content\/uploads\/2021\/04\/1-1.jpg\" \/>\n<meta name=\"twitter:card\" content=\"summary_large_image\" \/>\n<meta name=\"twitter:label1\" content=\"Est. reading time\" \/>\n\t<meta name=\"twitter:data1\" content=\"2 minutes\" \/>\n<script type=\"application\/ld+json\" class=\"yoast-schema-graph\">{\"@context\":\"https:\/\/schema.org\",\"@graph\":[{\"@type\":\"WebSite\",\"@id\":\"http:\/\/lechanvriersuisse.com\/#website\",\"url\":\"http:\/\/lechanvriersuisse.com\/\",\"name\":\"Le Chanvrier Suisse\",\"description\":\"Swiss Made CBD.\",\"potentialAction\":[{\"@type\":\"SearchAction\",\"target\":{\"@type\":\"EntryPoint\",\"urlTemplate\":\"http:\/\/lechanvriersuisse.com\/?s={search_term_string}\"},\"query-input\":\"required name=search_term_string\"}],\"inLanguage\":\"en-US\"},{\"@type\":\"ImageObject\",\"@id\":\"https:\/\/lechanvriersuisse.com\/blog\/#primaryimage\",\"inLanguage\":\"en-US\",\"url\":\"http:\/\/lechanvriersuisse.com\/wp-content\/uploads\/2021\/04\/1-1.jpg\",\"contentUrl\":\"http:\/\/lechanvriersuisse.com\/wp-content\/uploads\/2021\/04\/1-1.jpg\",\"width\":590,\"height\":380},{\"@type\":\"WebPage\",\"@id\":\"https:\/\/lechanvriersuisse.com\/blog\/#webpage\",\"url\":\"https:\/\/lechanvriersuisse.com\/blog\/\",\"name\":\"Blog - Le Chanvrier Suisse\",\"isPartOf\":{\"@id\":\"http:\/\/lechanvriersuisse.com\/#website\"},\"primaryImageOfPage\":{\"@id\":\"https:\/\/lechanvriersuisse.com\/blog\/#primaryimage\"},\"datePublished\":\"2021-04-20T15:51:33+00:00\",\"dateModified\":\"2021-11-10T10:56:50+00:00\",\"description\":\"Amusez-vous dans notre espace blog, des articles cibl\\u00e9s qui vous \\u00e9claircissent les bienfaits des produits Le Chanvrier Suisse \\u00e0 base du CBD.\",\"breadcrumb\":{\"@id\":\"https:\/\/lechanvriersuisse.com\/blog\/#breadcrumb\"},\"inLanguage\":\"en-US\",\"potentialAction\":[{\"@type\":\"ReadAction\",\"target\":[\"https:\/\/lechanvriersuisse.com\/blog\/\"]}]},{\"@type\":\"BreadcrumbList\",\"@id\":\"https:\/\/lechanvriersuisse.com\/blog\/#breadcrumb\",\"itemListElement\":[{\"@type\":\"ListItem\",\"position\":1,\"name\":\"Home\",\"item\":\"https:\/\/lechanvriersuisse.com\/\"},{\"@type\":\"ListItem\",\"position\":2,\"name\":\"Blog\"}]}]}<\/script>\n<!-- \/ Yoast SEO plugin. -->","yoast_head_json":{"title":"Blog - Le Chanvrier Suisse","description":"Amusez-vous dans notre espace blog, des articles cibl\u00e9s qui vous \u00e9claircissent les bienfaits des produits Le Chanvrier Suisse \u00e0 base du CBD.","robots":{"index":"index","follow":"follow","max-snippet":"max-snippet:-1","max-image-preview":"max-image-preview:large","max-video-preview":"max-video-preview:-1"},"canonical":"http:\/\/lechanvriersuisse.com\/en\/blog\/","og_locale":"en_US","og_type":"article","og_title":"Blog - Le Chanvrier Suisse","og_description":"Amusez-vous dans notre espace blog, des articles cibl\u00e9s qui vous \u00e9claircissent les bienfaits des produits Le Chanvrier Suisse \u00e0 base du CBD.","og_url":"http:\/\/lechanvriersuisse.com\/en\/blog\/","og_site_name":"Le Chanvrier Suisse","article_modified_time":"2021-11-10T10:56:50+00:00","og_image":[{"url":"http:\/\/lechanvriersuisse.com\/wp-content\/uploads\/2021\/04\/1-1.jpg"}],"twitter_card":"summary_large_image","twitter_misc":{"Est. reading time":"2 minutes"},"schema":{"@context":"https:\/\/schema.org","@graph":[{"@type":"WebSite","@id":"http:\/\/lechanvriersuisse.com\/#website","url":"http:\/\/lechanvriersuisse.com\/","name":"Le Chanvrier Suisse","description":"Swiss Made CBD.","potentialAction":[{"@type":"SearchAction","target":{"@type":"EntryPoint","urlTemplate":"http:\/\/lechanvriersuisse.com\/?s={search_term_string}"},"query-input":"required name=search_term_string"}],"inLanguage":"en-US"},{"@type":"ImageObject","@id":"https:\/\/lechanvriersuisse.com\/blog\/#primaryimage","inLanguage":"en-US","url":"http:\/\/lechanvriersuisse.com\/wp-content\/uploads\/2021\/04\/1-1.jpg","contentUrl":"http:\/\/lechanvriersuisse.com\/wp-content\/uploads\/2021\/04\/1-1.jpg","width":590,"height":380},{"@type":"WebPage","@id":"https:\/\/lechanvriersuisse.com\/blog\/#webpage","url":"https:\/\/lechanvriersuisse.com\/blog\/","name":"Blog - Le Chanvrier Suisse","isPartOf":{"@id":"http:\/\/lechanvriersuisse.com\/#website"},"primaryImageOfPage":{"@id":"https:\/\/lechanvriersuisse.com\/blog\/#primaryimage"},"datePublished":"2021-04-20T15:51:33+00:00","dateModified":"2021-11-10T10:56:50+00:00","description":"Amusez-vous dans notre espace blog, des articles cibl\u00e9s qui vous \u00e9claircissent les bienfaits des produits Le Chanvrier Suisse \u00e0 base du CBD.","breadcrumb":{"@id":"https:\/\/lechanvriersuisse.com\/blog\/#breadcrumb"},"inLanguage":"en-US","potentialAction":[{"@type":"ReadAction","target":["https:\/\/lechanvriersuisse.com\/blog\/"]}]},{"@type":"BreadcrumbList","@id":"https:\/\/lechanvriersuisse.com\/blog\/#breadcrumb","itemListElement":[{"@type":"ListItem","position":1,"name":"Home","item":"https:\/\/lechanvriersuisse.com\/"},{"@type":"ListItem","position":2,"name":"Blog"}]}]}},"_links":{"self":[{"href":"http:\/\/lechanvriersuisse.com\/en\/wp-json\/wp\/v2\/pages\/89"}],"collection":[{"href":"http:\/\/lechanvriersuisse.com\/en\/wp-json\/wp\/v2\/pages"}],"about":[{"href":"http:\/\/lechanvriersuisse.com\/en\/wp-json\/wp\/v2\/types\/page"}],"author":[{"embeddable":true,"href":"http:\/\/lechanvriersuisse.com\/en\/wp-json\/wp\/v2\/users\/1"}],"replies":[{"embeddable":true,"href":"http:\/\/lechanvriersuisse.com\/en\/wp-json\/wp\/v2\/comments?post=89"}],"version-history":[{"count":14,"href":"http:\/\/lechanvriersuisse.com\/en\/wp-json\/wp\/v2\/pages\/89\/revisions"}],"predecessor-version":[{"id":495,"href":"http:\/\/lechanvriersuisse.com\/en\/wp-json\/wp\/v2\/pages\/89\/revisions\/495"}],"wp:attachment":[{"href":"http:\/\/lechanvriersuisse.com\/en\/wp-json\/wp\/v2\/media?parent=89"}],"curies":[{"name":"wp","href":"https:\/\/api.w.org\/{rel}","templated":true}]}}