
{"id":178,"date":"2021-04-21T16:26:02","date_gmt":"2021-04-21T16:26:02","guid":{"rendered":"http:\/\/lechanvriersuisse.com\/?post_type=product&#038;p=178"},"modified":"2026-04-05T10:11:09","modified_gmt":"2026-04-05T10:11:09","slug":"pinepple-express","status":"publish","type":"product","link":"http:\/\/lechanvriersuisse.com\/en\/product\/pinepple-express\/","title":{"rendered":"Pinepple Express"},"content":{"rendered":"<ul>\n<li>Achetez-en 5 et obtenez en 1 Gratuit<\/li>\n<\/ul>","protected":false},"excerpt":{"rendered":"<p>Cultiv\u00e9s en int\u00e9rieur dans un milieu 100% contr\u00f4l\u00e9 par nos maitres producteurs suisses en fait un produit d&rsquo;exception. Les ar\u00f4mes naturels et doux de la fleur de chanvre viendront doucement caresser votre palais en laissant un l\u00e9ger go\u00fbt fruit\u00e9 des plus agr\u00e9ables.<\/p>\n<p>Pineapple Express est un produit s&rsquo;adaptant parfaitement \u00e0 la consommation de tous, d&rsquo;une qualit\u00e9 in\u00e9gal\u00e9e, mais \u00e0 prix<\/p>","protected":false},"featured_media":440,"comment_status":"open","ping_status":"closed","template":"","meta":[],"yoast_head":"<!-- This site is optimized with the Yoast SEO plugin v17.5 - https:\/\/yoast.com\/wordpress\/plugins\/seo\/ -->\n<title>Pinepple Express - Le Chanvrier Suisse<\/title>\n<meta name=\"robots\" content=\"index, follow, max-snippet:-1, max-image-preview:large, max-video-preview:-1\" \/>\n<link rel=\"canonical\" href=\"https:\/\/lechanvriersuisse.com\/en\/product\/pinepple-express\/\" \/>\n<meta property=\"og:locale\" content=\"en_US\" \/>\n<meta property=\"og:type\" content=\"article\" \/>\n<meta property=\"og:title\" content=\"Pinepple Express - Le Chanvrier Suisse\" \/>\n<meta property=\"og:description\" content=\"Cultiv\u00e9s en int\u00e9rieur dans un milieu 100% contr\u00f4l\u00e9 par nos maitres producteurs suisses en fait un produit d&#039;exception. Les ar\u00f4mes naturels et doux de la fleur de chanvre viendront doucement caresser votre palais en laissant un l\u00e9ger go\u00fbt fruit\u00e9 des plus agr\u00e9ables.  Pineapple Express est un produit s&#039;adaptant parfaitement \u00e0 la consommation de tous, d&#039;une qualit\u00e9 in\u00e9gal\u00e9e, mais \u00e0 prix\" \/>\n<meta property=\"og:url\" content=\"https:\/\/lechanvriersuisse.com\/en\/product\/pinepple-express\/\" \/>\n<meta property=\"og:site_name\" content=\"Le Chanvrier Suisse\" \/>\n<meta property=\"article:modified_time\" content=\"2026-04-05T10:11:09+00:00\" \/>\n<meta property=\"og:image\" content=\"https:\/\/lechanvriersuisse.com\/wp-content\/uploads\/2021\/04\/pineappleA-1.png\" \/>\n\t<meta property=\"og:image:width\" content=\"410\" \/>\n\t<meta property=\"og:image:height\" content=\"590\" \/>\n<meta name=\"twitter:card\" content=\"summary_large_image\" \/>\n<script type=\"application\/ld+json\" class=\"yoast-schema-graph\">{\"@context\":\"https:\/\/schema.org\",\"@graph\":[{\"@type\":\"WebSite\",\"@id\":\"http:\/\/lechanvriersuisse.com\/#website\",\"url\":\"http:\/\/lechanvriersuisse.com\/\",\"name\":\"Le Chanvrier Suisse\",\"description\":\"Swiss Made CBD.\",\"potentialAction\":[{\"@type\":\"SearchAction\",\"target\":{\"@type\":\"EntryPoint\",\"urlTemplate\":\"http:\/\/lechanvriersuisse.com\/?s={search_term_string}\"},\"query-input\":\"required name=search_term_string\"}],\"inLanguage\":\"en-US\"},{\"@type\":\"ImageObject\",\"@id\":\"https:\/\/lechanvriersuisse.com\/en\/product\/pinepple-express\/#primaryimage\",\"inLanguage\":\"en-US\",\"url\":\"http:\/\/lechanvriersuisse.com\/wp-content\/uploads\/2021\/04\/pineappleA-1.png\",\"contentUrl\":\"http:\/\/lechanvriersuisse.com\/wp-content\/uploads\/2021\/04\/pineappleA-1.png\",\"width\":410,\"height\":590},{\"@type\":\"WebPage\",\"@id\":\"https:\/\/lechanvriersuisse.com\/en\/product\/pinepple-express\/#webpage\",\"url\":\"https:\/\/lechanvriersuisse.com\/en\/product\/pinepple-express\/\",\"name\":\"Pinepple Express - Le Chanvrier Suisse\",\"isPartOf\":{\"@id\":\"http:\/\/lechanvriersuisse.com\/#website\"},\"primaryImageOfPage\":{\"@id\":\"https:\/\/lechanvriersuisse.com\/en\/product\/pinepple-express\/#primaryimage\"},\"datePublished\":\"2021-04-21T16:26:02+00:00\",\"dateModified\":\"2026-04-05T10:11:09+00:00\",\"breadcrumb\":{\"@id\":\"https:\/\/lechanvriersuisse.com\/en\/product\/pinepple-express\/#breadcrumb\"},\"inLanguage\":\"en-US\",\"potentialAction\":[{\"@type\":\"ReadAction\",\"target\":[\"https:\/\/lechanvriersuisse.com\/en\/product\/pinepple-express\/\"]}]},{\"@type\":\"BreadcrumbList\",\"@id\":\"https:\/\/lechanvriersuisse.com\/en\/product\/pinepple-express\/#breadcrumb\",\"itemListElement\":[{\"@type\":\"ListItem\",\"position\":1,\"name\":\"Home\",\"item\":\"https:\/\/lechanvriersuisse.com\/\"},{\"@type\":\"ListItem\",\"position\":2,\"name\":\"Shop\",\"item\":\"https:\/\/lechanvriersuisse.com\/shop\/\"},{\"@type\":\"ListItem\",\"position\":3,\"name\":\"Pinepple Express\"}]}]}<\/script>\n<!-- \/ Yoast SEO plugin. -->","yoast_head_json":{"title":"Pinepple Express - Le Chanvrier Suisse","robots":{"index":"index","follow":"follow","max-snippet":"max-snippet:-1","max-image-preview":"max-image-preview:large","max-video-preview":"max-video-preview:-1"},"canonical":"https:\/\/lechanvriersuisse.com\/en\/product\/pinepple-express\/","og_locale":"en_US","og_type":"article","og_title":"Pinepple Express - Le Chanvrier Suisse","og_description":"Cultiv\u00e9s en int\u00e9rieur dans un milieu 100% contr\u00f4l\u00e9 par nos maitres producteurs suisses en fait un produit d'exception. Les ar\u00f4mes naturels et doux de la fleur de chanvre viendront doucement caresser votre palais en laissant un l\u00e9ger go\u00fbt fruit\u00e9 des plus agr\u00e9ables.  Pineapple Express est un produit s'adaptant parfaitement \u00e0 la consommation de tous, d'une qualit\u00e9 in\u00e9gal\u00e9e, mais \u00e0 prix","og_url":"https:\/\/lechanvriersuisse.com\/en\/product\/pinepple-express\/","og_site_name":"Le Chanvrier Suisse","article_modified_time":"2026-04-05T10:11:09+00:00","og_image":[{"width":410,"height":590,"url":"https:\/\/lechanvriersuisse.com\/wp-content\/uploads\/2021\/04\/pineappleA-1.png","type":"image\/png"}],"twitter_card":"summary_large_image","schema":{"@context":"https:\/\/schema.org","@graph":[{"@type":"WebSite","@id":"http:\/\/lechanvriersuisse.com\/#website","url":"http:\/\/lechanvriersuisse.com\/","name":"Le Chanvrier Suisse","description":"Swiss Made CBD.","potentialAction":[{"@type":"SearchAction","target":{"@type":"EntryPoint","urlTemplate":"http:\/\/lechanvriersuisse.com\/?s={search_term_string}"},"query-input":"required name=search_term_string"}],"inLanguage":"en-US"},{"@type":"ImageObject","@id":"https:\/\/lechanvriersuisse.com\/en\/product\/pinepple-express\/#primaryimage","inLanguage":"en-US","url":"http:\/\/lechanvriersuisse.com\/wp-content\/uploads\/2021\/04\/pineappleA-1.png","contentUrl":"http:\/\/lechanvriersuisse.com\/wp-content\/uploads\/2021\/04\/pineappleA-1.png","width":410,"height":590},{"@type":"WebPage","@id":"https:\/\/lechanvriersuisse.com\/en\/product\/pinepple-express\/#webpage","url":"https:\/\/lechanvriersuisse.com\/en\/product\/pinepple-express\/","name":"Pinepple Express - Le Chanvrier Suisse","isPartOf":{"@id":"http:\/\/lechanvriersuisse.com\/#website"},"primaryImageOfPage":{"@id":"https:\/\/lechanvriersuisse.com\/en\/product\/pinepple-express\/#primaryimage"},"datePublished":"2021-04-21T16:26:02+00:00","dateModified":"2026-04-05T10:11:09+00:00","breadcrumb":{"@id":"https:\/\/lechanvriersuisse.com\/en\/product\/pinepple-express\/#breadcrumb"},"inLanguage":"en-US","potentialAction":[{"@type":"ReadAction","target":["https:\/\/lechanvriersuisse.com\/en\/product\/pinepple-express\/"]}]},{"@type":"BreadcrumbList","@id":"https:\/\/lechanvriersuisse.com\/en\/product\/pinepple-express\/#breadcrumb","itemListElement":[{"@type":"ListItem","position":1,"name":"Home","item":"https:\/\/lechanvriersuisse.com\/"},{"@type":"ListItem","position":2,"name":"Shop","item":"https:\/\/lechanvriersuisse.com\/shop\/"},{"@type":"ListItem","position":3,"name":"Pinepple Express"}]}]}},"_links":{"self":[{"href":"http:\/\/lechanvriersuisse.com\/en\/wp-json\/wp\/v2\/product\/178"}],"collection":[{"href":"http:\/\/lechanvriersuisse.com\/en\/wp-json\/wp\/v2\/product"}],"about":[{"href":"http:\/\/lechanvriersuisse.com\/en\/wp-json\/wp\/v2\/types\/product"}],"replies":[{"embeddable":true,"href":"http:\/\/lechanvriersuisse.com\/en\/wp-json\/wp\/v2\/comments?post=178"}],"wp:featuredmedia":[{"embeddable":true,"href":"http:\/\/lechanvriersuisse.com\/en\/wp-json\/wp\/v2\/media\/440"}],"wp:attachment":[{"href":"http:\/\/lechanvriersuisse.com\/en\/wp-json\/wp\/v2\/media?parent=178"}],"curies":[{"name":"wp","href":"https:\/\/api.w.org\/{rel}","templated":true}]}}