
{"id":183,"date":"2021-04-21T16:38:45","date_gmt":"2021-04-21T16:38:45","guid":{"rendered":"http:\/\/lechanvriersuisse.com\/?post_type=product&#038;p=183"},"modified":"2026-04-13T09:19:01","modified_gmt":"2026-04-13T09:19:01","slug":"amnesia-2","status":"publish","type":"product","link":"http:\/\/lechanvriersuisse.com\/en\/product\/amnesia-2\/","title":{"rendered":"Amnesia"},"content":{"rendered":"<ul>\n<li>Achetez-en 5 et obtenez en 1 Gratuit<\/li>\n<\/ul>","protected":false},"excerpt":{"rendered":"<p>La culture sous serre permet de tirer avantage \u00e0 la fois de l&rsquo;environnement ext\u00e9rieur et de la culture indoor Davantage prot\u00e9g\u00e9s qu&rsquo;en milieu naturel, les plants de cannabis profitent des bienfaits du soleil, tout en offrant l&rsquo;opportunit\u00e9 de limiter les agressions ext\u00e9rieures.<\/p>\n<p>La fleur montre ses plus belles couleurs tout en laissant un l\u00e9ger go\u00fbt fruit\u00e9<\/p>","protected":false},"featured_media":289,"comment_status":"open","ping_status":"closed","template":"","meta":[],"yoast_head":"<!-- This site is optimized with the Yoast SEO plugin v17.5 - https:\/\/yoast.com\/wordpress\/plugins\/seo\/ -->\n<title>Amnesia - Le Chanvrier Suisse<\/title>\n<meta name=\"robots\" content=\"index, follow, max-snippet:-1, max-image-preview:large, max-video-preview:-1\" \/>\n<link rel=\"canonical\" href=\"https:\/\/lechanvriersuisse.com\/en\/product\/amnesia-2\/\" \/>\n<meta property=\"og:locale\" content=\"en_US\" \/>\n<meta property=\"og:type\" content=\"article\" \/>\n<meta property=\"og:title\" content=\"Amnesia - Le Chanvrier Suisse\" \/>\n<meta property=\"og:description\" content=\"La culture sous serre permet de tirer avantage \u00e0 la fois de l&#039;environnement ext\u00e9rieur et de la culture indoor Davantage prot\u00e9g\u00e9s qu&#039;en milieu naturel, les plants de cannabis profitent des bienfaits du soleil, tout en offrant l&#039;opportunit\u00e9 de limiter les agressions ext\u00e9rieures.  La fleur montre ses plus belles couleurs tout en laissant un l\u00e9ger go\u00fbt fruit\u00e9\" \/>\n<meta property=\"og:url\" content=\"https:\/\/lechanvriersuisse.com\/en\/product\/amnesia-2\/\" \/>\n<meta property=\"og:site_name\" content=\"Le Chanvrier Suisse\" \/>\n<meta property=\"article:modified_time\" content=\"2026-04-13T09:19:01+00:00\" \/>\n<meta property=\"og:image\" content=\"https:\/\/lechanvriersuisse.com\/wp-content\/uploads\/2021\/04\/amnesia1.png\" \/>\n\t<meta property=\"og:image:width\" content=\"440\" \/>\n\t<meta property=\"og:image:height\" content=\"622\" \/>\n<meta name=\"twitter:card\" content=\"summary_large_image\" \/>\n<script type=\"application\/ld+json\" class=\"yoast-schema-graph\">{\"@context\":\"https:\/\/schema.org\",\"@graph\":[{\"@type\":\"WebSite\",\"@id\":\"http:\/\/lechanvriersuisse.com\/#website\",\"url\":\"http:\/\/lechanvriersuisse.com\/\",\"name\":\"Le Chanvrier Suisse\",\"description\":\"Swiss Made CBD.\",\"potentialAction\":[{\"@type\":\"SearchAction\",\"target\":{\"@type\":\"EntryPoint\",\"urlTemplate\":\"http:\/\/lechanvriersuisse.com\/?s={search_term_string}\"},\"query-input\":\"required name=search_term_string\"}],\"inLanguage\":\"en-US\"},{\"@type\":\"ImageObject\",\"@id\":\"https:\/\/lechanvriersuisse.com\/en\/product\/amnesia-2\/#primaryimage\",\"inLanguage\":\"en-US\",\"url\":\"http:\/\/lechanvriersuisse.com\/wp-content\/uploads\/2021\/04\/amnesia1.png\",\"contentUrl\":\"http:\/\/lechanvriersuisse.com\/wp-content\/uploads\/2021\/04\/amnesia1.png\",\"width\":440,\"height\":622},{\"@type\":\"WebPage\",\"@id\":\"https:\/\/lechanvriersuisse.com\/en\/product\/amnesia-2\/#webpage\",\"url\":\"https:\/\/lechanvriersuisse.com\/en\/product\/amnesia-2\/\",\"name\":\"Amnesia - Le Chanvrier Suisse\",\"isPartOf\":{\"@id\":\"http:\/\/lechanvriersuisse.com\/#website\"},\"primaryImageOfPage\":{\"@id\":\"https:\/\/lechanvriersuisse.com\/en\/product\/amnesia-2\/#primaryimage\"},\"datePublished\":\"2021-04-21T16:38:45+00:00\",\"dateModified\":\"2026-04-13T09:19:01+00:00\",\"breadcrumb\":{\"@id\":\"https:\/\/lechanvriersuisse.com\/en\/product\/amnesia-2\/#breadcrumb\"},\"inLanguage\":\"en-US\",\"potentialAction\":[{\"@type\":\"ReadAction\",\"target\":[\"https:\/\/lechanvriersuisse.com\/en\/product\/amnesia-2\/\"]}]},{\"@type\":\"BreadcrumbList\",\"@id\":\"https:\/\/lechanvriersuisse.com\/en\/product\/amnesia-2\/#breadcrumb\",\"itemListElement\":[{\"@type\":\"ListItem\",\"position\":1,\"name\":\"Home\",\"item\":\"https:\/\/lechanvriersuisse.com\/\"},{\"@type\":\"ListItem\",\"position\":2,\"name\":\"Shop\",\"item\":\"https:\/\/lechanvriersuisse.com\/shop\/\"},{\"@type\":\"ListItem\",\"position\":3,\"name\":\"Amnesia\"}]}]}<\/script>\n<!-- \/ Yoast SEO plugin. -->","yoast_head_json":{"title":"Amnesia - Le Chanvrier Suisse","robots":{"index":"index","follow":"follow","max-snippet":"max-snippet:-1","max-image-preview":"max-image-preview:large","max-video-preview":"max-video-preview:-1"},"canonical":"https:\/\/lechanvriersuisse.com\/en\/product\/amnesia-2\/","og_locale":"en_US","og_type":"article","og_title":"Amnesia - Le Chanvrier Suisse","og_description":"La culture sous serre permet de tirer avantage \u00e0 la fois de l'environnement ext\u00e9rieur et de la culture indoor Davantage prot\u00e9g\u00e9s qu'en milieu naturel, les plants de cannabis profitent des bienfaits du soleil, tout en offrant l'opportunit\u00e9 de limiter les agressions ext\u00e9rieures.  La fleur montre ses plus belles couleurs tout en laissant un l\u00e9ger go\u00fbt fruit\u00e9","og_url":"https:\/\/lechanvriersuisse.com\/en\/product\/amnesia-2\/","og_site_name":"Le Chanvrier Suisse","article_modified_time":"2026-04-13T09:19:01+00:00","og_image":[{"width":440,"height":622,"url":"https:\/\/lechanvriersuisse.com\/wp-content\/uploads\/2021\/04\/amnesia1.png","type":"image\/png"}],"twitter_card":"summary_large_image","schema":{"@context":"https:\/\/schema.org","@graph":[{"@type":"WebSite","@id":"http:\/\/lechanvriersuisse.com\/#website","url":"http:\/\/lechanvriersuisse.com\/","name":"Le Chanvrier Suisse","description":"Swiss Made CBD.","potentialAction":[{"@type":"SearchAction","target":{"@type":"EntryPoint","urlTemplate":"http:\/\/lechanvriersuisse.com\/?s={search_term_string}"},"query-input":"required name=search_term_string"}],"inLanguage":"en-US"},{"@type":"ImageObject","@id":"https:\/\/lechanvriersuisse.com\/en\/product\/amnesia-2\/#primaryimage","inLanguage":"en-US","url":"http:\/\/lechanvriersuisse.com\/wp-content\/uploads\/2021\/04\/amnesia1.png","contentUrl":"http:\/\/lechanvriersuisse.com\/wp-content\/uploads\/2021\/04\/amnesia1.png","width":440,"height":622},{"@type":"WebPage","@id":"https:\/\/lechanvriersuisse.com\/en\/product\/amnesia-2\/#webpage","url":"https:\/\/lechanvriersuisse.com\/en\/product\/amnesia-2\/","name":"Amnesia - Le Chanvrier Suisse","isPartOf":{"@id":"http:\/\/lechanvriersuisse.com\/#website"},"primaryImageOfPage":{"@id":"https:\/\/lechanvriersuisse.com\/en\/product\/amnesia-2\/#primaryimage"},"datePublished":"2021-04-21T16:38:45+00:00","dateModified":"2026-04-13T09:19:01+00:00","breadcrumb":{"@id":"https:\/\/lechanvriersuisse.com\/en\/product\/amnesia-2\/#breadcrumb"},"inLanguage":"en-US","potentialAction":[{"@type":"ReadAction","target":["https:\/\/lechanvriersuisse.com\/en\/product\/amnesia-2\/"]}]},{"@type":"BreadcrumbList","@id":"https:\/\/lechanvriersuisse.com\/en\/product\/amnesia-2\/#breadcrumb","itemListElement":[{"@type":"ListItem","position":1,"name":"Home","item":"https:\/\/lechanvriersuisse.com\/"},{"@type":"ListItem","position":2,"name":"Shop","item":"https:\/\/lechanvriersuisse.com\/shop\/"},{"@type":"ListItem","position":3,"name":"Amnesia"}]}]}},"_links":{"self":[{"href":"http:\/\/lechanvriersuisse.com\/en\/wp-json\/wp\/v2\/product\/183"}],"collection":[{"href":"http:\/\/lechanvriersuisse.com\/en\/wp-json\/wp\/v2\/product"}],"about":[{"href":"http:\/\/lechanvriersuisse.com\/en\/wp-json\/wp\/v2\/types\/product"}],"replies":[{"embeddable":true,"href":"http:\/\/lechanvriersuisse.com\/en\/wp-json\/wp\/v2\/comments?post=183"}],"wp:featuredmedia":[{"embeddable":true,"href":"http:\/\/lechanvriersuisse.com\/en\/wp-json\/wp\/v2\/media\/289"}],"wp:attachment":[{"href":"http:\/\/lechanvriersuisse.com\/en\/wp-json\/wp\/v2\/media?parent=183"}],"curies":[{"name":"wp","href":"https:\/\/api.w.org\/{rel}","templated":true}]}}