
{"id":263,"date":"2021-04-28T17:26:19","date_gmt":"2021-04-28T17:26:19","guid":{"rendered":"http:\/\/lechanvriersuisse.com\/?post_type=product&#038;p=263"},"modified":"2026-04-13T09:21:18","modified_gmt":"2026-04-13T09:21:18","slug":"peach-apricot","status":"publish","type":"product","link":"http:\/\/lechanvriersuisse.com\/en\/product\/peach-apricot\/","title":{"rendered":"Peach Apricot"},"content":{"rendered":"<p>Taux disponibles :<\/p>\n<ul>\n<li>300mg (19.90\u20ac)<\/li>\n<li>600mg (29.90\u20ac)<\/li>\n<li>1200mg (39.90\u20ac)<\/li>\n<li>2400mg (59.90\u20ac)<\/li>\n<\/ul>","protected":false},"excerpt":{"rendered":"<p>Nous proposons une huile au gout simplement fruit\u00e9. L\u00e9g\u00e8re et subtile, I\u2019orange \u00e9pouse d\u00e9licatement le chanvre et apporte une saveur particuli\u00e8re. Notre huile est bio, organique et issue d\u2019un savoir-faire suisse reconnu.<\/p>","protected":false},"featured_media":285,"comment_status":"open","ping_status":"closed","template":"","meta":[],"yoast_head":"<!-- This site is optimized with the Yoast SEO plugin v17.5 - https:\/\/yoast.com\/wordpress\/plugins\/seo\/ -->\n<title>Peach Apricot - Le Chanvrier Suisse<\/title>\n<meta name=\"robots\" content=\"index, follow, max-snippet:-1, max-image-preview:large, max-video-preview:-1\" \/>\n<link rel=\"canonical\" href=\"http:\/\/lechanvriersuisse.com\/en\/product\/peach-apricot\/\" \/>\n<meta property=\"og:locale\" content=\"en_US\" \/>\n<meta property=\"og:type\" content=\"article\" \/>\n<meta property=\"og:title\" content=\"Peach Apricot - Le Chanvrier Suisse\" \/>\n<meta property=\"og:description\" content=\"Nous proposons une huile au gout simplement fruit\u00e9. L\u00e9g\u00e8re et subtile, I\u2019orange \u00e9pouse d\u00e9licatement le chanvre et apporte une saveur particuli\u00e8re. Notre huile est bio, organique et issue d\u2019un savoir-faire suisse reconnu.\" \/>\n<meta property=\"og:url\" content=\"http:\/\/lechanvriersuisse.com\/en\/product\/peach-apricot\/\" \/>\n<meta property=\"og:site_name\" content=\"Le Chanvrier Suisse\" \/>\n<meta property=\"article:modified_time\" content=\"2026-04-13T09:21:18+00:00\" \/>\n<meta property=\"og:image\" content=\"https:\/\/lechanvriersuisse.com\/wp-content\/uploads\/2021\/04\/oil-peach1.png\" \/>\n\t<meta property=\"og:image:width\" content=\"396\" \/>\n\t<meta property=\"og:image:height\" content=\"590\" \/>\n<meta name=\"twitter:card\" content=\"summary_large_image\" \/>\n<script type=\"application\/ld+json\" class=\"yoast-schema-graph\">{\"@context\":\"https:\/\/schema.org\",\"@graph\":[{\"@type\":\"WebSite\",\"@id\":\"http:\/\/lechanvriersuisse.com\/#website\",\"url\":\"http:\/\/lechanvriersuisse.com\/\",\"name\":\"Le Chanvrier Suisse\",\"description\":\"Swiss Made CBD.\",\"potentialAction\":[{\"@type\":\"SearchAction\",\"target\":{\"@type\":\"EntryPoint\",\"urlTemplate\":\"http:\/\/lechanvriersuisse.com\/?s={search_term_string}\"},\"query-input\":\"required name=search_term_string\"}],\"inLanguage\":\"en-US\"},{\"@type\":\"ImageObject\",\"@id\":\"https:\/\/lechanvriersuisse.com\/product\/peach-apricot\/#primaryimage\",\"inLanguage\":\"en-US\",\"url\":\"http:\/\/lechanvriersuisse.com\/wp-content\/uploads\/2021\/04\/oil-peach1.png\",\"contentUrl\":\"http:\/\/lechanvriersuisse.com\/wp-content\/uploads\/2021\/04\/oil-peach1.png\",\"width\":396,\"height\":590},{\"@type\":\"WebPage\",\"@id\":\"https:\/\/lechanvriersuisse.com\/product\/peach-apricot\/#webpage\",\"url\":\"https:\/\/lechanvriersuisse.com\/product\/peach-apricot\/\",\"name\":\"Peach Apricot - Le Chanvrier Suisse\",\"isPartOf\":{\"@id\":\"http:\/\/lechanvriersuisse.com\/#website\"},\"primaryImageOfPage\":{\"@id\":\"https:\/\/lechanvriersuisse.com\/product\/peach-apricot\/#primaryimage\"},\"datePublished\":\"2021-04-28T17:26:19+00:00\",\"dateModified\":\"2026-04-13T09:21:18+00:00\",\"breadcrumb\":{\"@id\":\"https:\/\/lechanvriersuisse.com\/product\/peach-apricot\/#breadcrumb\"},\"inLanguage\":\"en-US\",\"potentialAction\":[{\"@type\":\"ReadAction\",\"target\":[\"https:\/\/lechanvriersuisse.com\/product\/peach-apricot\/\"]}]},{\"@type\":\"BreadcrumbList\",\"@id\":\"https:\/\/lechanvriersuisse.com\/product\/peach-apricot\/#breadcrumb\",\"itemListElement\":[{\"@type\":\"ListItem\",\"position\":1,\"name\":\"Home\",\"item\":\"https:\/\/lechanvriersuisse.com\/\"},{\"@type\":\"ListItem\",\"position\":2,\"name\":\"Shop\",\"item\":\"https:\/\/lechanvriersuisse.com\/shop\/\"},{\"@type\":\"ListItem\",\"position\":3,\"name\":\"Peach Apricot\"}]}]}<\/script>\n<!-- \/ Yoast SEO plugin. -->","yoast_head_json":{"title":"Peach Apricot - Le Chanvrier Suisse","robots":{"index":"index","follow":"follow","max-snippet":"max-snippet:-1","max-image-preview":"max-image-preview:large","max-video-preview":"max-video-preview:-1"},"canonical":"http:\/\/lechanvriersuisse.com\/en\/product\/peach-apricot\/","og_locale":"en_US","og_type":"article","og_title":"Peach Apricot - Le Chanvrier Suisse","og_description":"Nous proposons une huile au gout simplement fruit\u00e9. L\u00e9g\u00e8re et subtile, I\u2019orange \u00e9pouse d\u00e9licatement le chanvre et apporte une saveur particuli\u00e8re. Notre huile est bio, organique et issue d\u2019un savoir-faire suisse reconnu.","og_url":"http:\/\/lechanvriersuisse.com\/en\/product\/peach-apricot\/","og_site_name":"Le Chanvrier Suisse","article_modified_time":"2026-04-13T09:21:18+00:00","og_image":[{"width":396,"height":590,"url":"https:\/\/lechanvriersuisse.com\/wp-content\/uploads\/2021\/04\/oil-peach1.png","type":"image\/png"}],"twitter_card":"summary_large_image","schema":{"@context":"https:\/\/schema.org","@graph":[{"@type":"WebSite","@id":"http:\/\/lechanvriersuisse.com\/#website","url":"http:\/\/lechanvriersuisse.com\/","name":"Le Chanvrier Suisse","description":"Swiss Made CBD.","potentialAction":[{"@type":"SearchAction","target":{"@type":"EntryPoint","urlTemplate":"http:\/\/lechanvriersuisse.com\/?s={search_term_string}"},"query-input":"required name=search_term_string"}],"inLanguage":"en-US"},{"@type":"ImageObject","@id":"https:\/\/lechanvriersuisse.com\/product\/peach-apricot\/#primaryimage","inLanguage":"en-US","url":"http:\/\/lechanvriersuisse.com\/wp-content\/uploads\/2021\/04\/oil-peach1.png","contentUrl":"http:\/\/lechanvriersuisse.com\/wp-content\/uploads\/2021\/04\/oil-peach1.png","width":396,"height":590},{"@type":"WebPage","@id":"https:\/\/lechanvriersuisse.com\/product\/peach-apricot\/#webpage","url":"https:\/\/lechanvriersuisse.com\/product\/peach-apricot\/","name":"Peach Apricot - Le Chanvrier Suisse","isPartOf":{"@id":"http:\/\/lechanvriersuisse.com\/#website"},"primaryImageOfPage":{"@id":"https:\/\/lechanvriersuisse.com\/product\/peach-apricot\/#primaryimage"},"datePublished":"2021-04-28T17:26:19+00:00","dateModified":"2026-04-13T09:21:18+00:00","breadcrumb":{"@id":"https:\/\/lechanvriersuisse.com\/product\/peach-apricot\/#breadcrumb"},"inLanguage":"en-US","potentialAction":[{"@type":"ReadAction","target":["https:\/\/lechanvriersuisse.com\/product\/peach-apricot\/"]}]},{"@type":"BreadcrumbList","@id":"https:\/\/lechanvriersuisse.com\/product\/peach-apricot\/#breadcrumb","itemListElement":[{"@type":"ListItem","position":1,"name":"Home","item":"https:\/\/lechanvriersuisse.com\/"},{"@type":"ListItem","position":2,"name":"Shop","item":"https:\/\/lechanvriersuisse.com\/shop\/"},{"@type":"ListItem","position":3,"name":"Peach Apricot"}]}]}},"_links":{"self":[{"href":"http:\/\/lechanvriersuisse.com\/en\/wp-json\/wp\/v2\/product\/263"}],"collection":[{"href":"http:\/\/lechanvriersuisse.com\/en\/wp-json\/wp\/v2\/product"}],"about":[{"href":"http:\/\/lechanvriersuisse.com\/en\/wp-json\/wp\/v2\/types\/product"}],"replies":[{"embeddable":true,"href":"http:\/\/lechanvriersuisse.com\/en\/wp-json\/wp\/v2\/comments?post=263"}],"wp:featuredmedia":[{"embeddable":true,"href":"http:\/\/lechanvriersuisse.com\/en\/wp-json\/wp\/v2\/media\/285"}],"wp:attachment":[{"href":"http:\/\/lechanvriersuisse.com\/en\/wp-json\/wp\/v2\/media?parent=263"}],"curies":[{"name":"wp","href":"https:\/\/api.w.org\/{rel}","templated":true}]}}