
{"id":293,"date":"2021-04-29T17:38:52","date_gmt":"2021-04-29T17:38:52","guid":{"rendered":"http:\/\/lechanvriersuisse.com\/?post_type=product&#038;p=293"},"modified":"2021-11-18T13:37:01","modified_gmt":"2021-11-18T13:37:01","slug":"vape-pen-cbd-zkittles-400mah-600-puffs","status":"publish","type":"product","link":"http:\/\/lechanvriersuisse.com\/en\/product\/vape-pen-cbd-zkittles-400mah-600-puffs\/","title":{"rendered":"Vape Pen CBD &#8211; Zkittles"},"content":{"rendered":"<ul>\n<li>600 puffs<\/li>\n<li>400 mAh<\/li>\n<li>200 mg<\/li>\n<\/ul>","protected":false},"excerpt":{"rendered":"<p>Les fumeurs ou simplement les adeptes de la cigarette \u00e9lectronique vont pouvoir retrouver le go\u00fbt et les effets du CBD dans une formule aussi naturelle que possible.<\/p>\n<p>Un vape pen au CBD pr\u00eat-\u00e0-vaper, au format de poche. Le e-liquide inclus dans ce pack propose la saveur acidul\u00e9e de Zkittles.<\/p>\n<p>Ce produit vous permet de profiter d\u2019approximativement 600 puffs, vous procurant la saveur inimitable des terp\u00e8nes de chanvre, tout en vous apportant tous les avantages du cannabidiol.<\/p>","protected":false},"featured_media":591,"comment_status":"open","ping_status":"closed","template":"","meta":[],"yoast_head":"<!-- This site is optimized with the Yoast SEO plugin v17.5 - https:\/\/yoast.com\/wordpress\/plugins\/seo\/ -->\n<title>Vape Pen CBD - Zkittles - Le Chanvrier Suisse<\/title>\n<meta name=\"description\" content=\"Un vape pen au CBD pr\u00eat-\u00e0-vaper, au format de poche. Le e-liquide inclus dans ce pack propose la saveur acidul\u00e9e de Zkittles.\" \/>\n<meta name=\"robots\" content=\"index, follow, max-snippet:-1, max-image-preview:large, max-video-preview:-1\" \/>\n<link rel=\"canonical\" href=\"http:\/\/lechanvriersuisse.com\/en\/product\/vape-pen-cbd-zkittles-400mah-600-puffs\/\" \/>\n<meta property=\"og:locale\" content=\"en_US\" \/>\n<meta property=\"og:type\" content=\"article\" \/>\n<meta property=\"og:title\" content=\"Vape Pen CBD - Zkittles - Le Chanvrier Suisse\" \/>\n<meta property=\"og:description\" content=\"Un vape pen au CBD pr\u00eat-\u00e0-vaper, au format de poche. Le e-liquide inclus dans ce pack propose la saveur acidul\u00e9e de Zkittles.\" \/>\n<meta property=\"og:url\" content=\"http:\/\/lechanvriersuisse.com\/en\/product\/vape-pen-cbd-zkittles-400mah-600-puffs\/\" \/>\n<meta property=\"og:site_name\" content=\"Le Chanvrier Suisse\" \/>\n<meta property=\"article:modified_time\" content=\"2021-11-18T13:37:01+00:00\" \/>\n<meta property=\"og:image\" content=\"https:\/\/lechanvriersuisse.com\/wp-content\/uploads\/2021\/04\/vape-pen-zkittles-2-e1637159923447.png\" \/>\n\t<meta property=\"og:image:width\" content=\"263\" \/>\n\t<meta property=\"og:image:height\" content=\"590\" \/>\n<meta name=\"twitter:card\" content=\"summary_large_image\" \/>\n<script type=\"application\/ld+json\" class=\"yoast-schema-graph\">{\"@context\":\"https:\/\/schema.org\",\"@graph\":[{\"@type\":\"WebSite\",\"@id\":\"http:\/\/lechanvriersuisse.com\/#website\",\"url\":\"http:\/\/lechanvriersuisse.com\/\",\"name\":\"Le Chanvrier Suisse\",\"description\":\"Swiss Made CBD.\",\"potentialAction\":[{\"@type\":\"SearchAction\",\"target\":{\"@type\":\"EntryPoint\",\"urlTemplate\":\"http:\/\/lechanvriersuisse.com\/?s={search_term_string}\"},\"query-input\":\"required name=search_term_string\"}],\"inLanguage\":\"en-US\"},{\"@type\":\"ImageObject\",\"@id\":\"https:\/\/lechanvriersuisse.com\/product\/vape-pen-cbd-zkittles-400mah-600-puffs\/#primaryimage\",\"inLanguage\":\"en-US\",\"url\":\"http:\/\/lechanvriersuisse.com\/wp-content\/uploads\/2021\/04\/vape-pen-zkittles-2-e1637159923447.png\",\"contentUrl\":\"http:\/\/lechanvriersuisse.com\/wp-content\/uploads\/2021\/04\/vape-pen-zkittles-2-e1637159923447.png\",\"width\":263,\"height\":590},{\"@type\":\"WebPage\",\"@id\":\"https:\/\/lechanvriersuisse.com\/product\/vape-pen-cbd-zkittles-400mah-600-puffs\/#webpage\",\"url\":\"https:\/\/lechanvriersuisse.com\/product\/vape-pen-cbd-zkittles-400mah-600-puffs\/\",\"name\":\"Vape Pen CBD - Zkittles - Le Chanvrier Suisse\",\"isPartOf\":{\"@id\":\"http:\/\/lechanvriersuisse.com\/#website\"},\"primaryImageOfPage\":{\"@id\":\"https:\/\/lechanvriersuisse.com\/product\/vape-pen-cbd-zkittles-400mah-600-puffs\/#primaryimage\"},\"datePublished\":\"2021-04-29T17:38:52+00:00\",\"dateModified\":\"2021-11-18T13:37:01+00:00\",\"description\":\"Un vape pen au CBD pr\\u00eat-\\u00e0-vaper, au format de poche. Le e-liquide inclus dans ce pack propose la saveur acidul\\u00e9e de Zkittles.\",\"breadcrumb\":{\"@id\":\"https:\/\/lechanvriersuisse.com\/product\/vape-pen-cbd-zkittles-400mah-600-puffs\/#breadcrumb\"},\"inLanguage\":\"en-US\",\"potentialAction\":[{\"@type\":\"ReadAction\",\"target\":[\"https:\/\/lechanvriersuisse.com\/product\/vape-pen-cbd-zkittles-400mah-600-puffs\/\"]}]},{\"@type\":\"BreadcrumbList\",\"@id\":\"https:\/\/lechanvriersuisse.com\/product\/vape-pen-cbd-zkittles-400mah-600-puffs\/#breadcrumb\",\"itemListElement\":[{\"@type\":\"ListItem\",\"position\":1,\"name\":\"Home\",\"item\":\"https:\/\/lechanvriersuisse.com\/\"},{\"@type\":\"ListItem\",\"position\":2,\"name\":\"Shop\",\"item\":\"https:\/\/lechanvriersuisse.com\/shop\/\"},{\"@type\":\"ListItem\",\"position\":3,\"name\":\"Vape Pen CBD &#8211; Zkittles\"}]}]}<\/script>\n<!-- \/ Yoast SEO plugin. -->","yoast_head_json":{"title":"Vape Pen CBD - Zkittles - Le Chanvrier Suisse","description":"Un vape pen au CBD pr\u00eat-\u00e0-vaper, au format de poche. Le e-liquide inclus dans ce pack propose la saveur acidul\u00e9e de Zkittles.","robots":{"index":"index","follow":"follow","max-snippet":"max-snippet:-1","max-image-preview":"max-image-preview:large","max-video-preview":"max-video-preview:-1"},"canonical":"http:\/\/lechanvriersuisse.com\/en\/product\/vape-pen-cbd-zkittles-400mah-600-puffs\/","og_locale":"en_US","og_type":"article","og_title":"Vape Pen CBD - Zkittles - Le Chanvrier Suisse","og_description":"Un vape pen au CBD pr\u00eat-\u00e0-vaper, au format de poche. Le e-liquide inclus dans ce pack propose la saveur acidul\u00e9e de Zkittles.","og_url":"http:\/\/lechanvriersuisse.com\/en\/product\/vape-pen-cbd-zkittles-400mah-600-puffs\/","og_site_name":"Le Chanvrier Suisse","article_modified_time":"2021-11-18T13:37:01+00:00","og_image":[{"width":263,"height":590,"url":"https:\/\/lechanvriersuisse.com\/wp-content\/uploads\/2021\/04\/vape-pen-zkittles-2-e1637159923447.png","type":"image\/png"}],"twitter_card":"summary_large_image","schema":{"@context":"https:\/\/schema.org","@graph":[{"@type":"WebSite","@id":"http:\/\/lechanvriersuisse.com\/#website","url":"http:\/\/lechanvriersuisse.com\/","name":"Le Chanvrier Suisse","description":"Swiss Made CBD.","potentialAction":[{"@type":"SearchAction","target":{"@type":"EntryPoint","urlTemplate":"http:\/\/lechanvriersuisse.com\/?s={search_term_string}"},"query-input":"required name=search_term_string"}],"inLanguage":"en-US"},{"@type":"ImageObject","@id":"https:\/\/lechanvriersuisse.com\/product\/vape-pen-cbd-zkittles-400mah-600-puffs\/#primaryimage","inLanguage":"en-US","url":"http:\/\/lechanvriersuisse.com\/wp-content\/uploads\/2021\/04\/vape-pen-zkittles-2-e1637159923447.png","contentUrl":"http:\/\/lechanvriersuisse.com\/wp-content\/uploads\/2021\/04\/vape-pen-zkittles-2-e1637159923447.png","width":263,"height":590},{"@type":"WebPage","@id":"https:\/\/lechanvriersuisse.com\/product\/vape-pen-cbd-zkittles-400mah-600-puffs\/#webpage","url":"https:\/\/lechanvriersuisse.com\/product\/vape-pen-cbd-zkittles-400mah-600-puffs\/","name":"Vape Pen CBD - Zkittles - Le Chanvrier Suisse","isPartOf":{"@id":"http:\/\/lechanvriersuisse.com\/#website"},"primaryImageOfPage":{"@id":"https:\/\/lechanvriersuisse.com\/product\/vape-pen-cbd-zkittles-400mah-600-puffs\/#primaryimage"},"datePublished":"2021-04-29T17:38:52+00:00","dateModified":"2021-11-18T13:37:01+00:00","description":"Un vape pen au CBD pr\u00eat-\u00e0-vaper, au format de poche. Le e-liquide inclus dans ce pack propose la saveur acidul\u00e9e de Zkittles.","breadcrumb":{"@id":"https:\/\/lechanvriersuisse.com\/product\/vape-pen-cbd-zkittles-400mah-600-puffs\/#breadcrumb"},"inLanguage":"en-US","potentialAction":[{"@type":"ReadAction","target":["https:\/\/lechanvriersuisse.com\/product\/vape-pen-cbd-zkittles-400mah-600-puffs\/"]}]},{"@type":"BreadcrumbList","@id":"https:\/\/lechanvriersuisse.com\/product\/vape-pen-cbd-zkittles-400mah-600-puffs\/#breadcrumb","itemListElement":[{"@type":"ListItem","position":1,"name":"Home","item":"https:\/\/lechanvriersuisse.com\/"},{"@type":"ListItem","position":2,"name":"Shop","item":"https:\/\/lechanvriersuisse.com\/shop\/"},{"@type":"ListItem","position":3,"name":"Vape Pen CBD &#8211; Zkittles"}]}]}},"_links":{"self":[{"href":"http:\/\/lechanvriersuisse.com\/en\/wp-json\/wp\/v2\/product\/293"}],"collection":[{"href":"http:\/\/lechanvriersuisse.com\/en\/wp-json\/wp\/v2\/product"}],"about":[{"href":"http:\/\/lechanvriersuisse.com\/en\/wp-json\/wp\/v2\/types\/product"}],"replies":[{"embeddable":true,"href":"http:\/\/lechanvriersuisse.com\/en\/wp-json\/wp\/v2\/comments?post=293"}],"wp:featuredmedia":[{"embeddable":true,"href":"http:\/\/lechanvriersuisse.com\/en\/wp-json\/wp\/v2\/media\/591"}],"wp:attachment":[{"href":"http:\/\/lechanvriersuisse.com\/en\/wp-json\/wp\/v2\/media?parent=293"}],"curies":[{"name":"wp","href":"https:\/\/api.w.org\/{rel}","templated":true}]}}