
{"id":295,"date":"2021-04-29T17:43:28","date_gmt":"2021-04-29T17:43:28","guid":{"rendered":"http:\/\/lechanvriersuisse.com\/?post_type=product&#038;p=295"},"modified":"2021-11-18T13:31:32","modified_gmt":"2021-11-18T13:31:32","slug":"vape-pen-cbd-lemon-haze-400mah-600puffs","status":"publish","type":"product","link":"http:\/\/lechanvriersuisse.com\/en\/product\/vape-pen-cbd-lemon-haze-400mah-600puffs\/","title":{"rendered":"Vape Pen CBD  &#8211; Lemon Haze"},"content":{"rendered":"<ul>\n<li>600 puffs<\/li>\n<li>400 mAh<\/li>\n<li>200 mg<\/li>\n<\/ul>","protected":false},"excerpt":{"rendered":"<p>Un vape pen au CBD pr\u00eat-\u00e0-vaper, au format de poche. Le e liquide inclus dans ce pack propose la saveur acidul\u00e9e de Lemon Haze.<\/p>\n<p>Ce produit vous permet de profiter d\u2019approximativement 600 puffs, vous procurant la saveur inimitable des terp\u00e8nes de Lemon Haze, tout en vous apportant tous les avantages du cannabidiol.<\/p>","protected":false},"featured_media":587,"comment_status":"open","ping_status":"closed","template":"","meta":[],"yoast_head":"<!-- This site is optimized with the Yoast SEO plugin v17.5 - https:\/\/yoast.com\/wordpress\/plugins\/seo\/ -->\n<title>Vape Pen CBD - Lemon Haze - Le Chanvrier Suisse<\/title>\n<meta name=\"description\" content=\"Un vape pen au CBD pr\u00eat-\u00e0-vaper, au format de poche. Le e liquide inclus dans ce pack propose la saveur acidul\u00e9e de Lemon Haze.\" \/>\n<meta name=\"robots\" content=\"index, follow, max-snippet:-1, max-image-preview:large, max-video-preview:-1\" \/>\n<link rel=\"canonical\" href=\"http:\/\/lechanvriersuisse.com\/en\/product\/vape-pen-cbd-lemon-haze-400mah-600puffs\/\" \/>\n<meta property=\"og:locale\" content=\"en_US\" \/>\n<meta property=\"og:type\" content=\"article\" \/>\n<meta property=\"og:title\" content=\"Vape Pen CBD - Lemon Haze - Le Chanvrier Suisse\" \/>\n<meta property=\"og:description\" content=\"Un vape pen au CBD pr\u00eat-\u00e0-vaper, au format de poche. Le e liquide inclus dans ce pack propose la saveur acidul\u00e9e de Lemon Haze.\" \/>\n<meta property=\"og:url\" content=\"http:\/\/lechanvriersuisse.com\/en\/product\/vape-pen-cbd-lemon-haze-400mah-600puffs\/\" \/>\n<meta property=\"og:site_name\" content=\"Le Chanvrier Suisse\" \/>\n<meta property=\"article:modified_time\" content=\"2021-11-18T13:31:32+00:00\" \/>\n<meta property=\"og:image\" content=\"https:\/\/lechanvriersuisse.com\/wp-content\/uploads\/2021\/04\/vape-pen-lemon-haze-2-e1637159452689.png\" \/>\n\t<meta property=\"og:image:width\" content=\"266\" \/>\n\t<meta property=\"og:image:height\" content=\"590\" \/>\n<meta name=\"twitter:card\" content=\"summary_large_image\" \/>\n<meta name=\"twitter:label1\" content=\"Est. reading time\" \/>\n\t<meta name=\"twitter:data1\" content=\"1 minute\" \/>\n<script type=\"application\/ld+json\" class=\"yoast-schema-graph\">{\"@context\":\"https:\/\/schema.org\",\"@graph\":[{\"@type\":\"WebSite\",\"@id\":\"http:\/\/lechanvriersuisse.com\/#website\",\"url\":\"http:\/\/lechanvriersuisse.com\/\",\"name\":\"Le Chanvrier Suisse\",\"description\":\"Swiss Made CBD.\",\"potentialAction\":[{\"@type\":\"SearchAction\",\"target\":{\"@type\":\"EntryPoint\",\"urlTemplate\":\"http:\/\/lechanvriersuisse.com\/?s={search_term_string}\"},\"query-input\":\"required name=search_term_string\"}],\"inLanguage\":\"en-US\"},{\"@type\":\"ImageObject\",\"@id\":\"https:\/\/lechanvriersuisse.com\/product\/vape-pen-cbd-lemon-haze-400mah-600puffs\/#primaryimage\",\"inLanguage\":\"en-US\",\"url\":\"http:\/\/lechanvriersuisse.com\/wp-content\/uploads\/2021\/04\/vape-pen-lemon-haze-2-e1637159452689.png\",\"contentUrl\":\"http:\/\/lechanvriersuisse.com\/wp-content\/uploads\/2021\/04\/vape-pen-lemon-haze-2-e1637159452689.png\",\"width\":266,\"height\":590},{\"@type\":\"WebPage\",\"@id\":\"https:\/\/lechanvriersuisse.com\/product\/vape-pen-cbd-lemon-haze-400mah-600puffs\/#webpage\",\"url\":\"https:\/\/lechanvriersuisse.com\/product\/vape-pen-cbd-lemon-haze-400mah-600puffs\/\",\"name\":\"Vape Pen CBD - Lemon Haze - Le Chanvrier Suisse\",\"isPartOf\":{\"@id\":\"http:\/\/lechanvriersuisse.com\/#website\"},\"primaryImageOfPage\":{\"@id\":\"https:\/\/lechanvriersuisse.com\/product\/vape-pen-cbd-lemon-haze-400mah-600puffs\/#primaryimage\"},\"datePublished\":\"2021-04-29T17:43:28+00:00\",\"dateModified\":\"2021-11-18T13:31:32+00:00\",\"description\":\"Un vape pen au CBD pr\\u00eat-\\u00e0-vaper, au format de poche. Le e liquide inclus dans ce pack propose la saveur acidul\\u00e9e de Lemon Haze.\",\"breadcrumb\":{\"@id\":\"https:\/\/lechanvriersuisse.com\/product\/vape-pen-cbd-lemon-haze-400mah-600puffs\/#breadcrumb\"},\"inLanguage\":\"en-US\",\"potentialAction\":[{\"@type\":\"ReadAction\",\"target\":[\"https:\/\/lechanvriersuisse.com\/product\/vape-pen-cbd-lemon-haze-400mah-600puffs\/\"]}]},{\"@type\":\"BreadcrumbList\",\"@id\":\"https:\/\/lechanvriersuisse.com\/product\/vape-pen-cbd-lemon-haze-400mah-600puffs\/#breadcrumb\",\"itemListElement\":[{\"@type\":\"ListItem\",\"position\":1,\"name\":\"Home\",\"item\":\"https:\/\/lechanvriersuisse.com\/\"},{\"@type\":\"ListItem\",\"position\":2,\"name\":\"Shop\",\"item\":\"https:\/\/lechanvriersuisse.com\/shop\/\"},{\"@type\":\"ListItem\",\"position\":3,\"name\":\"Vape Pen CBD &#8211; Lemon Haze\"}]}]}<\/script>\n<!-- \/ Yoast SEO plugin. -->","yoast_head_json":{"title":"Vape Pen CBD - Lemon Haze - Le Chanvrier Suisse","description":"Un vape pen au CBD pr\u00eat-\u00e0-vaper, au format de poche. Le e liquide inclus dans ce pack propose la saveur acidul\u00e9e de Lemon Haze.","robots":{"index":"index","follow":"follow","max-snippet":"max-snippet:-1","max-image-preview":"max-image-preview:large","max-video-preview":"max-video-preview:-1"},"canonical":"http:\/\/lechanvriersuisse.com\/en\/product\/vape-pen-cbd-lemon-haze-400mah-600puffs\/","og_locale":"en_US","og_type":"article","og_title":"Vape Pen CBD - Lemon Haze - Le Chanvrier Suisse","og_description":"Un vape pen au CBD pr\u00eat-\u00e0-vaper, au format de poche. Le e liquide inclus dans ce pack propose la saveur acidul\u00e9e de Lemon Haze.","og_url":"http:\/\/lechanvriersuisse.com\/en\/product\/vape-pen-cbd-lemon-haze-400mah-600puffs\/","og_site_name":"Le Chanvrier Suisse","article_modified_time":"2021-11-18T13:31:32+00:00","og_image":[{"width":266,"height":590,"url":"https:\/\/lechanvriersuisse.com\/wp-content\/uploads\/2021\/04\/vape-pen-lemon-haze-2-e1637159452689.png","type":"image\/png"}],"twitter_card":"summary_large_image","twitter_misc":{"Est. reading time":"1 minute"},"schema":{"@context":"https:\/\/schema.org","@graph":[{"@type":"WebSite","@id":"http:\/\/lechanvriersuisse.com\/#website","url":"http:\/\/lechanvriersuisse.com\/","name":"Le Chanvrier Suisse","description":"Swiss Made CBD.","potentialAction":[{"@type":"SearchAction","target":{"@type":"EntryPoint","urlTemplate":"http:\/\/lechanvriersuisse.com\/?s={search_term_string}"},"query-input":"required name=search_term_string"}],"inLanguage":"en-US"},{"@type":"ImageObject","@id":"https:\/\/lechanvriersuisse.com\/product\/vape-pen-cbd-lemon-haze-400mah-600puffs\/#primaryimage","inLanguage":"en-US","url":"http:\/\/lechanvriersuisse.com\/wp-content\/uploads\/2021\/04\/vape-pen-lemon-haze-2-e1637159452689.png","contentUrl":"http:\/\/lechanvriersuisse.com\/wp-content\/uploads\/2021\/04\/vape-pen-lemon-haze-2-e1637159452689.png","width":266,"height":590},{"@type":"WebPage","@id":"https:\/\/lechanvriersuisse.com\/product\/vape-pen-cbd-lemon-haze-400mah-600puffs\/#webpage","url":"https:\/\/lechanvriersuisse.com\/product\/vape-pen-cbd-lemon-haze-400mah-600puffs\/","name":"Vape Pen CBD - Lemon Haze - Le Chanvrier Suisse","isPartOf":{"@id":"http:\/\/lechanvriersuisse.com\/#website"},"primaryImageOfPage":{"@id":"https:\/\/lechanvriersuisse.com\/product\/vape-pen-cbd-lemon-haze-400mah-600puffs\/#primaryimage"},"datePublished":"2021-04-29T17:43:28+00:00","dateModified":"2021-11-18T13:31:32+00:00","description":"Un vape pen au CBD pr\u00eat-\u00e0-vaper, au format de poche. Le e liquide inclus dans ce pack propose la saveur acidul\u00e9e de Lemon Haze.","breadcrumb":{"@id":"https:\/\/lechanvriersuisse.com\/product\/vape-pen-cbd-lemon-haze-400mah-600puffs\/#breadcrumb"},"inLanguage":"en-US","potentialAction":[{"@type":"ReadAction","target":["https:\/\/lechanvriersuisse.com\/product\/vape-pen-cbd-lemon-haze-400mah-600puffs\/"]}]},{"@type":"BreadcrumbList","@id":"https:\/\/lechanvriersuisse.com\/product\/vape-pen-cbd-lemon-haze-400mah-600puffs\/#breadcrumb","itemListElement":[{"@type":"ListItem","position":1,"name":"Home","item":"https:\/\/lechanvriersuisse.com\/"},{"@type":"ListItem","position":2,"name":"Shop","item":"https:\/\/lechanvriersuisse.com\/shop\/"},{"@type":"ListItem","position":3,"name":"Vape Pen CBD &#8211; Lemon Haze"}]}]}},"_links":{"self":[{"href":"http:\/\/lechanvriersuisse.com\/en\/wp-json\/wp\/v2\/product\/295"}],"collection":[{"href":"http:\/\/lechanvriersuisse.com\/en\/wp-json\/wp\/v2\/product"}],"about":[{"href":"http:\/\/lechanvriersuisse.com\/en\/wp-json\/wp\/v2\/types\/product"}],"replies":[{"embeddable":true,"href":"http:\/\/lechanvriersuisse.com\/en\/wp-json\/wp\/v2\/comments?post=295"}],"wp:featuredmedia":[{"embeddable":true,"href":"http:\/\/lechanvriersuisse.com\/en\/wp-json\/wp\/v2\/media\/587"}],"wp:attachment":[{"href":"http:\/\/lechanvriersuisse.com\/en\/wp-json\/wp\/v2\/media?parent=295"}],"curies":[{"name":"wp","href":"https:\/\/api.w.org\/{rel}","templated":true}]}}