
{"id":329,"date":"2021-05-01T17:31:26","date_gmt":"2021-05-01T17:31:26","guid":{"rendered":"http:\/\/lechanvriersuisse.com\/?post_type=product&#038;p=329"},"modified":"2026-04-15T20:47:09","modified_gmt":"2026-04-15T20:47:09","slug":"cbd-e-liquide-3","status":"publish","type":"product","link":"http:\/\/lechanvriersuisse.com\/en\/product\/cbd-e-liquide-3\/","title":{"rendered":"CBD E-liquide 1200mg"},"content":{"rendered":"<p>1200mg<\/p>","protected":false},"excerpt":{"rendered":"<p>Cet E-liquide adaptable \u00e0 toutes cigarettes \u00e9lectroniques offre des composants naturels de CBD.<\/p>\n<p>Les non-fumeurs ou simplement les adeptes de la cigarette \u00e9lectronique vont pouvoir retrouver le go\u00fbt et les effets du CBD dans une formule aussi naturelle que possible.<\/p>\n<p>Ce liquide est un des seuls au monde \u00e0 \u00eatre \u00e0 base de terp\u00e8nes 100% naturels et sans aucun agent de saveur ajout\u00e9.<\/p>","protected":false},"featured_media":303,"comment_status":"open","ping_status":"closed","template":"","meta":[],"yoast_head":"<!-- This site is optimized with the Yoast SEO plugin v17.5 - https:\/\/yoast.com\/wordpress\/plugins\/seo\/ -->\n<title>CBD E-liquide 1200mg - Le Chanvrier Suisse<\/title>\n<meta name=\"robots\" content=\"index, follow, max-snippet:-1, max-image-preview:large, max-video-preview:-1\" \/>\n<link rel=\"canonical\" href=\"http:\/\/lechanvriersuisse.com\/en\/product\/cbd-e-liquide-3\/\" \/>\n<meta property=\"og:locale\" content=\"en_US\" \/>\n<meta property=\"og:type\" content=\"article\" \/>\n<meta property=\"og:title\" content=\"CBD E-liquide 1200mg - Le Chanvrier Suisse\" \/>\n<meta property=\"og:description\" content=\"Cet E-liquide adaptable \u00e0 toutes cigarettes \u00e9lectroniques offre des composants naturels de CBD.  Les non-fumeurs ou simplement les adeptes de la cigarette \u00e9lectronique vont pouvoir retrouver le go\u00fbt et les effets du CBD dans une formule aussi naturelle que possible.  Ce liquide est un des seuls au monde \u00e0 \u00eatre \u00e0 base de terp\u00e8nes 100% naturels et sans aucun agent de saveur ajout\u00e9.\" \/>\n<meta property=\"og:url\" content=\"http:\/\/lechanvriersuisse.com\/en\/product\/cbd-e-liquide-3\/\" \/>\n<meta property=\"og:site_name\" content=\"Le Chanvrier Suisse\" \/>\n<meta property=\"article:modified_time\" content=\"2026-04-15T20:47:09+00:00\" \/>\n<meta property=\"og:image\" content=\"https:\/\/lechanvriersuisse.com\/wp-content\/uploads\/2021\/04\/e-liquide1.png\" \/>\n\t<meta property=\"og:image:width\" content=\"396\" \/>\n\t<meta property=\"og:image:height\" content=\"590\" \/>\n<meta name=\"twitter:card\" content=\"summary_large_image\" \/>\n<script type=\"application\/ld+json\" class=\"yoast-schema-graph\">{\"@context\":\"https:\/\/schema.org\",\"@graph\":[{\"@type\":\"WebSite\",\"@id\":\"http:\/\/lechanvriersuisse.com\/#website\",\"url\":\"http:\/\/lechanvriersuisse.com\/\",\"name\":\"Le Chanvrier Suisse\",\"description\":\"Swiss Made CBD.\",\"potentialAction\":[{\"@type\":\"SearchAction\",\"target\":{\"@type\":\"EntryPoint\",\"urlTemplate\":\"http:\/\/lechanvriersuisse.com\/?s={search_term_string}\"},\"query-input\":\"required name=search_term_string\"}],\"inLanguage\":\"en-US\"},{\"@type\":\"ImageObject\",\"@id\":\"https:\/\/lechanvriersuisse.com\/product\/cbd-e-liquide-3\/#primaryimage\",\"inLanguage\":\"en-US\",\"url\":\"http:\/\/lechanvriersuisse.com\/wp-content\/uploads\/2021\/04\/e-liquide1.png\",\"contentUrl\":\"http:\/\/lechanvriersuisse.com\/wp-content\/uploads\/2021\/04\/e-liquide1.png\",\"width\":396,\"height\":590},{\"@type\":\"WebPage\",\"@id\":\"https:\/\/lechanvriersuisse.com\/product\/cbd-e-liquide-3\/#webpage\",\"url\":\"https:\/\/lechanvriersuisse.com\/product\/cbd-e-liquide-3\/\",\"name\":\"CBD E-liquide 1200mg - Le Chanvrier Suisse\",\"isPartOf\":{\"@id\":\"http:\/\/lechanvriersuisse.com\/#website\"},\"primaryImageOfPage\":{\"@id\":\"https:\/\/lechanvriersuisse.com\/product\/cbd-e-liquide-3\/#primaryimage\"},\"datePublished\":\"2021-05-01T17:31:26+00:00\",\"dateModified\":\"2026-04-15T20:47:09+00:00\",\"breadcrumb\":{\"@id\":\"https:\/\/lechanvriersuisse.com\/product\/cbd-e-liquide-3\/#breadcrumb\"},\"inLanguage\":\"en-US\",\"potentialAction\":[{\"@type\":\"ReadAction\",\"target\":[\"https:\/\/lechanvriersuisse.com\/product\/cbd-e-liquide-3\/\"]}]},{\"@type\":\"BreadcrumbList\",\"@id\":\"https:\/\/lechanvriersuisse.com\/product\/cbd-e-liquide-3\/#breadcrumb\",\"itemListElement\":[{\"@type\":\"ListItem\",\"position\":1,\"name\":\"Home\",\"item\":\"https:\/\/lechanvriersuisse.com\/\"},{\"@type\":\"ListItem\",\"position\":2,\"name\":\"Shop\",\"item\":\"https:\/\/lechanvriersuisse.com\/shop\/\"},{\"@type\":\"ListItem\",\"position\":3,\"name\":\"CBD E-liquide 1200mg\"}]}]}<\/script>\n<!-- \/ Yoast SEO plugin. -->","yoast_head_json":{"title":"CBD E-liquide 1200mg - Le Chanvrier Suisse","robots":{"index":"index","follow":"follow","max-snippet":"max-snippet:-1","max-image-preview":"max-image-preview:large","max-video-preview":"max-video-preview:-1"},"canonical":"http:\/\/lechanvriersuisse.com\/en\/product\/cbd-e-liquide-3\/","og_locale":"en_US","og_type":"article","og_title":"CBD E-liquide 1200mg - Le Chanvrier Suisse","og_description":"Cet E-liquide adaptable \u00e0 toutes cigarettes \u00e9lectroniques offre des composants naturels de CBD.  Les non-fumeurs ou simplement les adeptes de la cigarette \u00e9lectronique vont pouvoir retrouver le go\u00fbt et les effets du CBD dans une formule aussi naturelle que possible.  Ce liquide est un des seuls au monde \u00e0 \u00eatre \u00e0 base de terp\u00e8nes 100% naturels et sans aucun agent de saveur ajout\u00e9.","og_url":"http:\/\/lechanvriersuisse.com\/en\/product\/cbd-e-liquide-3\/","og_site_name":"Le Chanvrier Suisse","article_modified_time":"2026-04-15T20:47:09+00:00","og_image":[{"width":396,"height":590,"url":"https:\/\/lechanvriersuisse.com\/wp-content\/uploads\/2021\/04\/e-liquide1.png","type":"image\/png"}],"twitter_card":"summary_large_image","schema":{"@context":"https:\/\/schema.org","@graph":[{"@type":"WebSite","@id":"http:\/\/lechanvriersuisse.com\/#website","url":"http:\/\/lechanvriersuisse.com\/","name":"Le Chanvrier Suisse","description":"Swiss Made CBD.","potentialAction":[{"@type":"SearchAction","target":{"@type":"EntryPoint","urlTemplate":"http:\/\/lechanvriersuisse.com\/?s={search_term_string}"},"query-input":"required name=search_term_string"}],"inLanguage":"en-US"},{"@type":"ImageObject","@id":"https:\/\/lechanvriersuisse.com\/product\/cbd-e-liquide-3\/#primaryimage","inLanguage":"en-US","url":"http:\/\/lechanvriersuisse.com\/wp-content\/uploads\/2021\/04\/e-liquide1.png","contentUrl":"http:\/\/lechanvriersuisse.com\/wp-content\/uploads\/2021\/04\/e-liquide1.png","width":396,"height":590},{"@type":"WebPage","@id":"https:\/\/lechanvriersuisse.com\/product\/cbd-e-liquide-3\/#webpage","url":"https:\/\/lechanvriersuisse.com\/product\/cbd-e-liquide-3\/","name":"CBD E-liquide 1200mg - Le Chanvrier Suisse","isPartOf":{"@id":"http:\/\/lechanvriersuisse.com\/#website"},"primaryImageOfPage":{"@id":"https:\/\/lechanvriersuisse.com\/product\/cbd-e-liquide-3\/#primaryimage"},"datePublished":"2021-05-01T17:31:26+00:00","dateModified":"2026-04-15T20:47:09+00:00","breadcrumb":{"@id":"https:\/\/lechanvriersuisse.com\/product\/cbd-e-liquide-3\/#breadcrumb"},"inLanguage":"en-US","potentialAction":[{"@type":"ReadAction","target":["https:\/\/lechanvriersuisse.com\/product\/cbd-e-liquide-3\/"]}]},{"@type":"BreadcrumbList","@id":"https:\/\/lechanvriersuisse.com\/product\/cbd-e-liquide-3\/#breadcrumb","itemListElement":[{"@type":"ListItem","position":1,"name":"Home","item":"https:\/\/lechanvriersuisse.com\/"},{"@type":"ListItem","position":2,"name":"Shop","item":"https:\/\/lechanvriersuisse.com\/shop\/"},{"@type":"ListItem","position":3,"name":"CBD E-liquide 1200mg"}]}]}},"_links":{"self":[{"href":"http:\/\/lechanvriersuisse.com\/en\/wp-json\/wp\/v2\/product\/329"}],"collection":[{"href":"http:\/\/lechanvriersuisse.com\/en\/wp-json\/wp\/v2\/product"}],"about":[{"href":"http:\/\/lechanvriersuisse.com\/en\/wp-json\/wp\/v2\/types\/product"}],"replies":[{"embeddable":true,"href":"http:\/\/lechanvriersuisse.com\/en\/wp-json\/wp\/v2\/comments?post=329"}],"wp:featuredmedia":[{"embeddable":true,"href":"http:\/\/lechanvriersuisse.com\/en\/wp-json\/wp\/v2\/media\/303"}],"wp:attachment":[{"href":"http:\/\/lechanvriersuisse.com\/en\/wp-json\/wp\/v2\/media?parent=329"}],"curies":[{"name":"wp","href":"https:\/\/api.w.org\/{rel}","templated":true}]}}