
{"id":514,"date":"2021-11-16T09:54:45","date_gmt":"2021-11-16T09:54:45","guid":{"rendered":"http:\/\/lechanvriersuisse.com\/?post_type=product&#038;p=514"},"modified":"2026-04-05T10:08:29","modified_gmt":"2026-04-05T10:08:29","slug":"e-liquide-cbd-natural-terpenes-50ml-2000mg","status":"publish","type":"product","link":"http:\/\/lechanvriersuisse.com\/en\/product\/e-liquide-cbd-natural-terpenes-50ml-2000mg\/","title":{"rendered":"E liquide CBD &#8211; Natural Terp\u00e8nes"},"content":{"rendered":"<p>2000mg<\/p>","protected":false},"excerpt":{"rendered":"<p>Cet E liquide adaptable \u00e0 toutes cigarettes \u00e9lectroniques offre des composants naturels de CBD.<\/p>\n<p>Les non-fumeurs ou simplement les adeptes de la cigarette \u00e9lectronique vont pouvoir retrouver le go\u00fbt et les effets du CBD dans une formule aussi naturelle que possible.<\/p>\n<p>Ce liquide est un des seuls au monde \u00e0 \u00eatre \u00e0 base de terp\u00e8nes 100% naturels et sans aucun agent de saveur ajout\u00e9.<\/p>","protected":false},"featured_media":567,"comment_status":"open","ping_status":"closed","template":"","meta":[],"yoast_head":"<!-- This site is optimized with the Yoast SEO plugin v17.5 - https:\/\/yoast.com\/wordpress\/plugins\/seo\/ -->\n<title>E liquide CBD - Natural Terp\u00e8nes - Le Chanvrier Suisse<\/title>\n<meta name=\"description\" content=\"E liquide Natural Terp\u00e8nes adaptable \u00e0 toutes cigarettes \u00e9lectroniques offre des composants naturels de CBD. Ce e liquide est un des seuls au monde \u00e0 \u00eatre \u00e0 base de terp\u00e8nes 100% naturel et sans aucun agent de saveur ajout\u00e9.\" \/>\n<meta name=\"robots\" content=\"index, follow, max-snippet:-1, max-image-preview:large, max-video-preview:-1\" \/>\n<link rel=\"canonical\" href=\"https:\/\/lechanvriersuisse.com\/en\/product\/e-liquide-cbd-natural-terpenes-50ml-2000mg\/\" \/>\n<meta property=\"og:locale\" content=\"en_US\" \/>\n<meta property=\"og:type\" content=\"article\" \/>\n<meta property=\"og:title\" content=\"E liquide CBD - Natural Terp\u00e8nes - Le Chanvrier Suisse\" \/>\n<meta property=\"og:description\" content=\"E liquide Natural Terp\u00e8nes adaptable \u00e0 toutes cigarettes \u00e9lectroniques offre des composants naturels de CBD. Ce e liquide est un des seuls au monde \u00e0 \u00eatre \u00e0 base de terp\u00e8nes 100% naturel et sans aucun agent de saveur ajout\u00e9.\" \/>\n<meta property=\"og:url\" content=\"https:\/\/lechanvriersuisse.com\/en\/product\/e-liquide-cbd-natural-terpenes-50ml-2000mg\/\" \/>\n<meta property=\"og:site_name\" content=\"Le Chanvrier Suisse\" \/>\n<meta property=\"article:modified_time\" content=\"2026-04-05T10:08:29+00:00\" \/>\n<meta property=\"og:image\" content=\"http:\/\/lechanvriersuisse.com\/wp-content\/uploads\/2021\/11\/LCS_50ml_2000mg-e1637148880334.png\" \/>\n\t<meta property=\"og:image:width\" content=\"500\" \/>\n\t<meta property=\"og:image:height\" content=\"500\" \/>\n<meta name=\"twitter:card\" content=\"summary_large_image\" \/>\n<script type=\"application\/ld+json\" class=\"yoast-schema-graph\">{\"@context\":\"https:\/\/schema.org\",\"@graph\":[{\"@type\":\"WebSite\",\"@id\":\"http:\/\/lechanvriersuisse.com\/#website\",\"url\":\"http:\/\/lechanvriersuisse.com\/\",\"name\":\"Le Chanvrier Suisse\",\"description\":\"Swiss Made CBD.\",\"potentialAction\":[{\"@type\":\"SearchAction\",\"target\":{\"@type\":\"EntryPoint\",\"urlTemplate\":\"http:\/\/lechanvriersuisse.com\/?s={search_term_string}\"},\"query-input\":\"required name=search_term_string\"}],\"inLanguage\":\"en-US\"},{\"@type\":\"ImageObject\",\"@id\":\"https:\/\/lechanvriersuisse.com\/en\/product\/e-liquide-cbd-natural-terpenes-50ml-2000mg\/#primaryimage\",\"inLanguage\":\"en-US\",\"url\":\"http:\/\/lechanvriersuisse.com\/wp-content\/uploads\/2021\/11\/LCS_50ml_2000mg-e1637148880334.png\",\"contentUrl\":\"http:\/\/lechanvriersuisse.com\/wp-content\/uploads\/2021\/11\/LCS_50ml_2000mg-e1637148880334.png\",\"width\":500,\"height\":500},{\"@type\":\"WebPage\",\"@id\":\"https:\/\/lechanvriersuisse.com\/en\/product\/e-liquide-cbd-natural-terpenes-50ml-2000mg\/#webpage\",\"url\":\"https:\/\/lechanvriersuisse.com\/en\/product\/e-liquide-cbd-natural-terpenes-50ml-2000mg\/\",\"name\":\"E liquide CBD - Natural Terp\\u00e8nes - Le Chanvrier Suisse\",\"isPartOf\":{\"@id\":\"http:\/\/lechanvriersuisse.com\/#website\"},\"primaryImageOfPage\":{\"@id\":\"https:\/\/lechanvriersuisse.com\/en\/product\/e-liquide-cbd-natural-terpenes-50ml-2000mg\/#primaryimage\"},\"datePublished\":\"2021-11-16T09:54:45+00:00\",\"dateModified\":\"2026-04-05T10:08:29+00:00\",\"description\":\"E liquide Natural Terp\\u00e8nes adaptable \\u00e0 toutes cigarettes \\u00e9lectroniques offre des composants naturels de CBD. Ce e liquide est un des seuls au monde \\u00e0 \\u00eatre \\u00e0 base de terp\\u00e8nes 100% naturel et sans aucun agent de saveur ajout\\u00e9.\",\"breadcrumb\":{\"@id\":\"https:\/\/lechanvriersuisse.com\/en\/product\/e-liquide-cbd-natural-terpenes-50ml-2000mg\/#breadcrumb\"},\"inLanguage\":\"en-US\",\"potentialAction\":[{\"@type\":\"ReadAction\",\"target\":[\"https:\/\/lechanvriersuisse.com\/en\/product\/e-liquide-cbd-natural-terpenes-50ml-2000mg\/\"]}]},{\"@type\":\"BreadcrumbList\",\"@id\":\"https:\/\/lechanvriersuisse.com\/en\/product\/e-liquide-cbd-natural-terpenes-50ml-2000mg\/#breadcrumb\",\"itemListElement\":[{\"@type\":\"ListItem\",\"position\":1,\"name\":\"Home\",\"item\":\"https:\/\/lechanvriersuisse.com\/\"},{\"@type\":\"ListItem\",\"position\":2,\"name\":\"Shop\",\"item\":\"https:\/\/lechanvriersuisse.com\/shop\/\"},{\"@type\":\"ListItem\",\"position\":3,\"name\":\"E liquide CBD &#8211; Natural Terp\\u00e8nes\"}]}]}<\/script>\n<!-- \/ Yoast SEO plugin. -->","yoast_head_json":{"title":"E liquide CBD - Natural Terp\u00e8nes - Le Chanvrier Suisse","description":"E liquide Natural Terp\u00e8nes adaptable \u00e0 toutes cigarettes \u00e9lectroniques offre des composants naturels de CBD. Ce e liquide est un des seuls au monde \u00e0 \u00eatre \u00e0 base de terp\u00e8nes 100% naturel et sans aucun agent de saveur ajout\u00e9.","robots":{"index":"index","follow":"follow","max-snippet":"max-snippet:-1","max-image-preview":"max-image-preview:large","max-video-preview":"max-video-preview:-1"},"canonical":"https:\/\/lechanvriersuisse.com\/en\/product\/e-liquide-cbd-natural-terpenes-50ml-2000mg\/","og_locale":"en_US","og_type":"article","og_title":"E liquide CBD - Natural Terp\u00e8nes - Le Chanvrier Suisse","og_description":"E liquide Natural Terp\u00e8nes adaptable \u00e0 toutes cigarettes \u00e9lectroniques offre des composants naturels de CBD. Ce e liquide est un des seuls au monde \u00e0 \u00eatre \u00e0 base de terp\u00e8nes 100% naturel et sans aucun agent de saveur ajout\u00e9.","og_url":"https:\/\/lechanvriersuisse.com\/en\/product\/e-liquide-cbd-natural-terpenes-50ml-2000mg\/","og_site_name":"Le Chanvrier Suisse","article_modified_time":"2026-04-05T10:08:29+00:00","og_image":[{"width":500,"height":500,"url":"http:\/\/lechanvriersuisse.com\/wp-content\/uploads\/2021\/11\/LCS_50ml_2000mg-e1637148880334.png","type":"image\/png"}],"twitter_card":"summary_large_image","schema":{"@context":"https:\/\/schema.org","@graph":[{"@type":"WebSite","@id":"http:\/\/lechanvriersuisse.com\/#website","url":"http:\/\/lechanvriersuisse.com\/","name":"Le Chanvrier Suisse","description":"Swiss Made CBD.","potentialAction":[{"@type":"SearchAction","target":{"@type":"EntryPoint","urlTemplate":"http:\/\/lechanvriersuisse.com\/?s={search_term_string}"},"query-input":"required name=search_term_string"}],"inLanguage":"en-US"},{"@type":"ImageObject","@id":"https:\/\/lechanvriersuisse.com\/en\/product\/e-liquide-cbd-natural-terpenes-50ml-2000mg\/#primaryimage","inLanguage":"en-US","url":"http:\/\/lechanvriersuisse.com\/wp-content\/uploads\/2021\/11\/LCS_50ml_2000mg-e1637148880334.png","contentUrl":"http:\/\/lechanvriersuisse.com\/wp-content\/uploads\/2021\/11\/LCS_50ml_2000mg-e1637148880334.png","width":500,"height":500},{"@type":"WebPage","@id":"https:\/\/lechanvriersuisse.com\/en\/product\/e-liquide-cbd-natural-terpenes-50ml-2000mg\/#webpage","url":"https:\/\/lechanvriersuisse.com\/en\/product\/e-liquide-cbd-natural-terpenes-50ml-2000mg\/","name":"E liquide CBD - Natural Terp\u00e8nes - Le Chanvrier Suisse","isPartOf":{"@id":"http:\/\/lechanvriersuisse.com\/#website"},"primaryImageOfPage":{"@id":"https:\/\/lechanvriersuisse.com\/en\/product\/e-liquide-cbd-natural-terpenes-50ml-2000mg\/#primaryimage"},"datePublished":"2021-11-16T09:54:45+00:00","dateModified":"2026-04-05T10:08:29+00:00","description":"E liquide Natural Terp\u00e8nes adaptable \u00e0 toutes cigarettes \u00e9lectroniques offre des composants naturels de CBD. Ce e liquide est un des seuls au monde \u00e0 \u00eatre \u00e0 base de terp\u00e8nes 100% naturel et sans aucun agent de saveur ajout\u00e9.","breadcrumb":{"@id":"https:\/\/lechanvriersuisse.com\/en\/product\/e-liquide-cbd-natural-terpenes-50ml-2000mg\/#breadcrumb"},"inLanguage":"en-US","potentialAction":[{"@type":"ReadAction","target":["https:\/\/lechanvriersuisse.com\/en\/product\/e-liquide-cbd-natural-terpenes-50ml-2000mg\/"]}]},{"@type":"BreadcrumbList","@id":"https:\/\/lechanvriersuisse.com\/en\/product\/e-liquide-cbd-natural-terpenes-50ml-2000mg\/#breadcrumb","itemListElement":[{"@type":"ListItem","position":1,"name":"Home","item":"https:\/\/lechanvriersuisse.com\/"},{"@type":"ListItem","position":2,"name":"Shop","item":"https:\/\/lechanvriersuisse.com\/shop\/"},{"@type":"ListItem","position":3,"name":"E liquide CBD &#8211; Natural Terp\u00e8nes"}]}]}},"_links":{"self":[{"href":"http:\/\/lechanvriersuisse.com\/en\/wp-json\/wp\/v2\/product\/514"}],"collection":[{"href":"http:\/\/lechanvriersuisse.com\/en\/wp-json\/wp\/v2\/product"}],"about":[{"href":"http:\/\/lechanvriersuisse.com\/en\/wp-json\/wp\/v2\/types\/product"}],"replies":[{"embeddable":true,"href":"http:\/\/lechanvriersuisse.com\/en\/wp-json\/wp\/v2\/comments?post=514"}],"wp:featuredmedia":[{"embeddable":true,"href":"http:\/\/lechanvriersuisse.com\/en\/wp-json\/wp\/v2\/media\/567"}],"wp:attachment":[{"href":"http:\/\/lechanvriersuisse.com\/en\/wp-json\/wp\/v2\/media?parent=514"}],"curies":[{"name":"wp","href":"https:\/\/api.w.org\/{rel}","templated":true}]}}